{"id":13,"date":"2024-11-06T12:35:18","date_gmt":"2024-11-06T12:35:18","guid":{"rendered":"https:\/\/www.hip2dqm.solidstate.ipb.ac.rs\/?page_id=13"},"modified":"2024-11-06T22:45:55","modified_gmt":"2024-11-06T22:45:55","slug":"advisory-board","status":"publish","type":"page","link":"https:\/\/www.hip2dqm.solidstate.ipb.ac.rs\/?page_id=13","title":{"rendered":"Advisory Board"},"content":{"rendered":"<div id=\"pl-gb13-69f394e9a2549\"  class=\"panel-layout\" ><div id=\"pg-gb13-69f394e9a2549-0\"  class=\"panel-grid panel-no-style\" ><div id=\"pgc-gb13-69f394e9a2549-0-0\"  class=\"panel-grid-cell\" ><div id=\"panel-gb13-69f394e9a2549-0-0-0\" class=\"so-panel widget widget_sow-headline panel-first-child\" data-index=\"0\" ><div\n\t\t\t\n\t\t\tclass=\"so-widget-sow-headline so-widget-sow-headline-default-ec1eb4cebc48-13\"\n\t\t\t\n\t\t><div class=\"sow-headline-container \">\n\t\t\t\t\t\t\t<h2 class=\"sow-headline\">\n\t\t\t\t\t\tADVISORY BOARD\t\t\t\t\t\t<\/h2>\n\t\t\t\t\t\t\t\t\t\t\t<div class=\"decoration\">\n\t\t\t\t\t\t<div class=\"decoration-inside\"><\/div>\n\t\t\t\t\t<\/div>\n\t\t\t\t\t<\/div>\n<\/div><\/div><div id=\"panel-gb13-69f394e9a2549-0-0-1\" class=\"so-panel widget widget_sow-editor panel-last-child\" data-index=\"1\" ><div\n\t\t\t\n\t\t\tclass=\"so-widget-sow-editor so-widget-sow-editor-base\"\n\t\t\t\n\t\t>\n<div class=\"siteorigin-widget-tinymce textwidget\">\n\t<p><strong><em>Prof. Simon J.L. Billinge<\/em><\/strong><em> (M), Columbia University, USA<\/em>;<\/p>\n<p><strong><em>Prof. Ivana Evans<\/em><\/strong><em> (F),<\/em> <em>Durham University, UK<\/em>).<\/p>\n<p><strong><em>Prof. Elena Gati<\/em><\/strong><em> (F), Max-Planck-Institut f\u00fcr Chemische Physik fester Stoffe, Germany; <\/em><\/p>\n<p><strong><em>Prof. Rudi Hackl<\/em><\/strong><em> (M), Leibniz-Institut f\u00fcr Festk\u00f6rper- und Werkstoffforschung, Germany; <\/em><\/p>\n<p><strong><em>Prof.<\/em><\/strong> <strong><em>Milorad Milosevic<\/em><\/strong><em> (M), University of Antwerp, Belgium; <\/em><\/p>\n<p><strong><em>Prof. Maja Rem\u0161kar<\/em><\/strong><em> (F), Jo\u017eef Stefan Institute, Slovenia, <\/em><\/p>\n<p><strong><em>Prof. Zden\u011bk Sofer<\/em><\/strong><em> (M), University of Chemistry and Technology, Czech Republic; <\/em><\/p>\n<\/div>\n<\/div><\/div><\/div><\/div><\/div>","protected":false},"excerpt":{"rendered":"<p>Prof. Simon J.L. Billinge (M), Columbia University, USA; Prof. Ivana Evans (F), Durham University, UK). Prof. Elena Gati (F), Max-Planck-Institut f\u00fcr Chemische Physik fester Stoffe, Germany; Prof. Rudi Hackl (M), Leibniz-Institut f\u00fcr Festk\u00f6rper- und Werkstoffforschung, Germany; Prof. Milorad Milosevic (M), University of Antwerp, Belgium; Prof. Maja Rem\u0161kar (F), Jo\u017eef Stefan Institute, Slovenia, Prof. Zden\u011bk Sofer [&hellip;]<\/p>\n","protected":false},"author":1,"featured_media":0,"parent":0,"menu_order":0,"comment_status":"closed","ping_status":"closed","template":"","meta":{"footnotes":""},"class_list":["post-13","page","type-page","status-publish","hentry","post"],"yoast_head":"<!-- This site is optimized with the Yoast SEO plugin v23.8 - https:\/\/yoast.com\/wordpress\/plugins\/seo\/ -->\n<title>Advisory Board - HIP-2D-QM<\/title>\n<meta name=\"robots\" content=\"index, follow, max-snippet:-1, max-image-preview:large, max-video-preview:-1\" \/>\n<link rel=\"canonical\" href=\"https:\/\/www.hip2dqm.solidstate.ipb.ac.rs\/?page_id=13\" \/>\n<meta property=\"og:locale\" content=\"en_US\" \/>\n<meta property=\"og:type\" content=\"article\" \/>\n<meta property=\"og:title\" content=\"Advisory Board - HIP-2D-QM\" \/>\n<meta property=\"og:description\" content=\"Prof. Simon J.L. Billinge (M), Columbia University, USA; Prof. Ivana Evans (F), Durham University, UK). Prof. Elena Gati (F), Max-Planck-Institut f\u00fcr Chemische Physik fester Stoffe, Germany; Prof. Rudi Hackl (M), Leibniz-Institut f\u00fcr Festk\u00f6rper- und Werkstoffforschung, Germany; Prof. Milorad Milosevic (M), University of Antwerp, Belgium; Prof. Maja Rem\u0161kar (F), Jo\u017eef Stefan Institute, Slovenia, Prof. Zden\u011bk Sofer [&hellip;]\" \/>\n<meta property=\"og:url\" content=\"https:\/\/www.hip2dqm.solidstate.ipb.ac.rs\/?page_id=13\" \/>\n<meta property=\"og:site_name\" content=\"HIP-2D-QM\" \/>\n<meta property=\"article:modified_time\" content=\"2024-11-06T22:45:55+00:00\" \/>\n<meta name=\"twitter:card\" content=\"summary_large_image\" \/>\n<meta name=\"twitter:label1\" content=\"Est. reading time\" \/>\n\t<meta name=\"twitter:data1\" content=\"1 minute\" \/>\n<script type=\"application\/ld+json\" class=\"yoast-schema-graph\">{\"@context\":\"https:\/\/schema.org\",\"@graph\":[{\"@type\":\"WebPage\",\"@id\":\"https:\/\/www.hip2dqm.solidstate.ipb.ac.rs\/?page_id=13\",\"url\":\"https:\/\/www.hip2dqm.solidstate.ipb.ac.rs\/?page_id=13\",\"name\":\"Advisory Board - HIP-2D-QM\",\"isPartOf\":{\"@id\":\"https:\/\/www.hip2dqm.solidstate.ipb.ac.rs\/#website\"},\"datePublished\":\"2024-11-06T12:35:18+00:00\",\"dateModified\":\"2024-11-06T22:45:55+00:00\",\"breadcrumb\":{\"@id\":\"https:\/\/www.hip2dqm.solidstate.ipb.ac.rs\/?page_id=13#breadcrumb\"},\"inLanguage\":\"en-US\",\"potentialAction\":[{\"@type\":\"ReadAction\",\"target\":[\"https:\/\/www.hip2dqm.solidstate.ipb.ac.rs\/?page_id=13\"]}]},{\"@type\":\"BreadcrumbList\",\"@id\":\"https:\/\/www.hip2dqm.solidstate.ipb.ac.rs\/?page_id=13#breadcrumb\",\"itemListElement\":[{\"@type\":\"ListItem\",\"position\":1,\"name\":\"Home\",\"item\":\"https:\/\/www.hip2dqm.solidstate.ipb.ac.rs\/\"},{\"@type\":\"ListItem\",\"position\":2,\"name\":\"Advisory Board\"}]},{\"@type\":\"WebSite\",\"@id\":\"https:\/\/www.hip2dqm.solidstate.ipb.ac.rs\/#website\",\"url\":\"https:\/\/www.hip2dqm.solidstate.ipb.ac.rs\/\",\"name\":\"HIP-2D-QM\",\"description\":\"\",\"potentialAction\":[{\"@type\":\"SearchAction\",\"target\":{\"@type\":\"EntryPoint\",\"urlTemplate\":\"https:\/\/www.hip2dqm.solidstate.ipb.ac.rs\/?s={search_term_string}\"},\"query-input\":{\"@type\":\"PropertyValueSpecification\",\"valueRequired\":true,\"valueName\":\"search_term_string\"}}],\"inLanguage\":\"en-US\"}]}<\/script>\n<!-- \/ Yoast SEO plugin. -->","yoast_head_json":{"title":"Advisory Board - HIP-2D-QM","robots":{"index":"index","follow":"follow","max-snippet":"max-snippet:-1","max-image-preview":"max-image-preview:large","max-video-preview":"max-video-preview:-1"},"canonical":"https:\/\/www.hip2dqm.solidstate.ipb.ac.rs\/?page_id=13","og_locale":"en_US","og_type":"article","og_title":"Advisory Board - HIP-2D-QM","og_description":"Prof. Simon J.L. Billinge (M), Columbia University, USA; Prof. Ivana Evans (F), Durham University, UK). Prof. Elena Gati (F), Max-Planck-Institut f\u00fcr Chemische Physik fester Stoffe, Germany; Prof. Rudi Hackl (M), Leibniz-Institut f\u00fcr Festk\u00f6rper- und Werkstoffforschung, Germany; Prof. Milorad Milosevic (M), University of Antwerp, Belgium; Prof. Maja Rem\u0161kar (F), Jo\u017eef Stefan Institute, Slovenia, Prof. Zden\u011bk Sofer [&hellip;]","og_url":"https:\/\/www.hip2dqm.solidstate.ipb.ac.rs\/?page_id=13","og_site_name":"HIP-2D-QM","article_modified_time":"2024-11-06T22:45:55+00:00","twitter_card":"summary_large_image","twitter_misc":{"Est. reading time":"1 minute"},"schema":{"@context":"https:\/\/schema.org","@graph":[{"@type":"WebPage","@id":"https:\/\/www.hip2dqm.solidstate.ipb.ac.rs\/?page_id=13","url":"https:\/\/www.hip2dqm.solidstate.ipb.ac.rs\/?page_id=13","name":"Advisory Board - HIP-2D-QM","isPartOf":{"@id":"https:\/\/www.hip2dqm.solidstate.ipb.ac.rs\/#website"},"datePublished":"2024-11-06T12:35:18+00:00","dateModified":"2024-11-06T22:45:55+00:00","breadcrumb":{"@id":"https:\/\/www.hip2dqm.solidstate.ipb.ac.rs\/?page_id=13#breadcrumb"},"inLanguage":"en-US","potentialAction":[{"@type":"ReadAction","target":["https:\/\/www.hip2dqm.solidstate.ipb.ac.rs\/?page_id=13"]}]},{"@type":"BreadcrumbList","@id":"https:\/\/www.hip2dqm.solidstate.ipb.ac.rs\/?page_id=13#breadcrumb","itemListElement":[{"@type":"ListItem","position":1,"name":"Home","item":"https:\/\/www.hip2dqm.solidstate.ipb.ac.rs\/"},{"@type":"ListItem","position":2,"name":"Advisory Board"}]},{"@type":"WebSite","@id":"https:\/\/www.hip2dqm.solidstate.ipb.ac.rs\/#website","url":"https:\/\/www.hip2dqm.solidstate.ipb.ac.rs\/","name":"HIP-2D-QM","description":"","potentialAction":[{"@type":"SearchAction","target":{"@type":"EntryPoint","urlTemplate":"https:\/\/www.hip2dqm.solidstate.ipb.ac.rs\/?s={search_term_string}"},"query-input":{"@type":"PropertyValueSpecification","valueRequired":true,"valueName":"search_term_string"}}],"inLanguage":"en-US"}]}},"_links":{"self":[{"href":"https:\/\/www.hip2dqm.solidstate.ipb.ac.rs\/index.php?rest_route=\/wp\/v2\/pages\/13","targetHints":{"allow":["GET"]}}],"collection":[{"href":"https:\/\/www.hip2dqm.solidstate.ipb.ac.rs\/index.php?rest_route=\/wp\/v2\/pages"}],"about":[{"href":"https:\/\/www.hip2dqm.solidstate.ipb.ac.rs\/index.php?rest_route=\/wp\/v2\/types\/page"}],"author":[{"embeddable":true,"href":"https:\/\/www.hip2dqm.solidstate.ipb.ac.rs\/index.php?rest_route=\/wp\/v2\/users\/1"}],"replies":[{"embeddable":true,"href":"https:\/\/www.hip2dqm.solidstate.ipb.ac.rs\/index.php?rest_route=%2Fwp%2Fv2%2Fcomments&post=13"}],"version-history":[{"count":4,"href":"https:\/\/www.hip2dqm.solidstate.ipb.ac.rs\/index.php?rest_route=\/wp\/v2\/pages\/13\/revisions"}],"predecessor-version":[{"id":545,"href":"https:\/\/www.hip2dqm.solidstate.ipb.ac.rs\/index.php?rest_route=\/wp\/v2\/pages\/13\/revisions\/545"}],"wp:attachment":[{"href":"https:\/\/www.hip2dqm.solidstate.ipb.ac.rs\/index.php?rest_route=%2Fwp%2Fv2%2Fmedia&parent=13"}],"curies":[{"name":"wp","href":"https:\/\/api.w.org\/{rel}","templated":true}]}}