{"id":18,"date":"2024-11-06T12:36:16","date_gmt":"2024-11-06T12:36:16","guid":{"rendered":"https:\/\/www.hip2dqm.solidstate.ipb.ac.rs\/?page_id=18"},"modified":"2026-04-01T12:27:46","modified_gmt":"2026-04-01T12:27:46","slug":"publications","status":"publish","type":"page","link":"https:\/\/www.hip2dqm.solidstate.ipb.ac.rs\/?page_id=18","title":{"rendered":"Publications"},"content":{"rendered":"<div id=\"pl-gb18-69f394b528b28\"  class=\"panel-layout\" ><div id=\"pg-gb18-69f394b528b28-0\"  class=\"panel-grid panel-no-style\" ><div id=\"pgc-gb18-69f394b528b28-0-0\"  class=\"panel-grid-cell\" ><div id=\"panel-gb18-69f394b528b28-0-0-0\" class=\"so-panel widget widget_siteorigin-panels-builder panel-first-child panel-last-child\" data-index=\"0\" ><div id=\"pl-w69cd0f339cba1\"  class=\"panel-layout\" ><div id=\"pg-w69cd0f339cba1-0\"  class=\"panel-grid panel-no-style\" ><div id=\"pgc-w69cd0f339cba1-0-0\"  class=\"panel-grid-cell panel-grid-cell-empty\" ><\/div><div id=\"pgc-w69cd0f339cba1-0-1\"  class=\"panel-grid-cell\" ><div id=\"panel-w69cd0f339cba1-0-1-0\" class=\"so-panel widget widget_sow-editor panel-first-child panel-last-child\" data-index=\"0\" ><div\n\t\t\t\n\t\t\tclass=\"so-widget-sow-editor so-widget-sow-editor-base\"\n\t\t\t\n\t\t>\n<div class=\"siteorigin-widget-tinymce textwidget\">\n\t<h5><a href=\"https:\/\/iopscience.iop.org\/article\/10.1088\/2053-1583\/adf5d4\">1. 2D materials: advances in regenerative medicine and human health sensing<\/a><\/h5>\n<p>J. Lazarevi\u0107 and B. Vi\u0161i\u0107<br \/>\n2D Materials, <b>12<\/b> 042001 (2025)<br \/>\n<strong>DOI<\/strong>\u00a010.1088\/2053-1583\/adf5d4<\/p>\n<\/div>\n<\/div><\/div><\/div><\/div><div id=\"pg-w69cd0f339cba1-1\"  class=\"panel-grid panel-no-style\" ><div id=\"pgc-w69cd0f339cba1-1-0\"  class=\"panel-grid-cell panel-grid-cell-empty\" ><\/div><div id=\"pgc-w69cd0f339cba1-1-1\"  class=\"panel-grid-cell\" ><div id=\"panel-w69cd0f339cba1-1-1-0\" class=\"so-panel widget widget_sow-editor panel-first-child panel-last-child\" data-index=\"1\" ><div\n\t\t\t\n\t\t\tclass=\"so-widget-sow-editor so-widget-sow-editor-base\"\n\t\t\t\n\t\t>\n<div class=\"siteorigin-widget-tinymce textwidget\">\n\t<h5><a href=\"https:\/\/journals.iucr.org\/m\/issues\/2025\/05\/00\/it5039\/index.html\">2. High-quality ultra-fast total scattering and pair distribution function data using an X-ray free-electron laser<\/a><\/h5>\n<p>Sapnik, A. F., Chater, P. A., Keeble, D. S., Evans, J. S. O., Bertolotti, F., Guagliardi, A., St\u00f8ckler, L. J., Harbourne, E. A., Borup, A. B., Silberg, R. S., Descamps, A., Prescher, C., Klee, B. D., Phelipeau, A., Ullah, I., Medina, K. G., Bird, T. A., Kaznelson, V., Lynn, W., Goodwin, A. L., Iversen, B. B., Crepisson, C., <strong>Bozin, E.<\/strong> S., Jensen, K. M. O., McBride, E. E., Neder, R. B., Robinson, I., Wark, J. S., Andrzejewski, M., Boesenberg, U., Brambrink, E., Camarda, C., Cerantola, V., Goede, S., H\u00f6ppner, H., Humphries, O. S., Konopkova, Z., Kujala, N., Michelat, T., Nakatsutsumi, M., Pelka, A., Preston, T. R., Randolph, L., Roeper, M., Schmidt, A., Strohm, C., Tang, M., Talkovski, P., Zastrau, U., Appel, K. &amp; Keen, D. A.<\/p>\n<p>IUCrJ, <strong>12<\/strong>, 531-547 (2025)<br \/>\nDOI<strong> 10.1107<\/strong>\/S205225252500538X<\/p>\n<\/div>\n<\/div><\/div><\/div><\/div><div id=\"pg-w69cd0f339cba1-2\"  class=\"panel-grid panel-no-style\" ><div id=\"pgc-w69cd0f339cba1-2-0\"  class=\"panel-grid-cell panel-grid-cell-empty\" ><\/div><div id=\"pgc-w69cd0f339cba1-2-1\"  class=\"panel-grid-cell\" ><div id=\"panel-w69cd0f339cba1-2-1-0\" class=\"so-panel widget widget_sow-editor panel-first-child panel-last-child\" data-index=\"2\" ><div\n\t\t\t\n\t\t\tclass=\"so-widget-sow-editor so-widget-sow-editor-base\"\n\t\t\t\n\t\t>\n<div class=\"siteorigin-widget-tinymce textwidget\">\n\t<h5><a href=\"https:\/\/pubs.acs.org\/doi\/10.1021\/acs.chemmater.5c01488\">3. Orbital-Selective Instabilities and Spin Fluctuations at the Verge of Superconductivity in Interlayer-Expanded Iron Selenide<\/a><\/h5>\n<p>Alexandros Lappas, Myrsini Kaitatzi, Alexandros Deltsidis, Izar Capel Berdiell, Laura Simonelli, Alexander Missyul, Martin Etter, and <strong>Emil S. Bozin<\/strong><\/p>\n<p>Chemistry of Materials <strong>37<\/strong>, 8581\u22128594 (2025)<br \/>\nDOI: <strong>10.1021<\/strong>\/acs.chemmater.5c01488<\/p>\n<\/div>\n<\/div><\/div><\/div><\/div><div id=\"pg-w69cd0f339cba1-3\"  class=\"panel-grid panel-no-style\" ><div id=\"pgc-w69cd0f339cba1-3-0\"  class=\"panel-grid-cell panel-grid-cell-empty\" ><\/div><div id=\"pgc-w69cd0f339cba1-3-1\"  class=\"panel-grid-cell\" ><div id=\"panel-w69cd0f339cba1-3-1-0\" class=\"so-panel widget widget_sow-editor panel-first-child panel-last-child\" data-index=\"3\" ><div\n\t\t\t\n\t\t\tclass=\"so-widget-sow-editor so-widget-sow-editor-base\"\n\t\t\t\n\t\t>\n<div class=\"siteorigin-widget-tinymce textwidget\">\n\t<h5><a href=\"https:\/\/www.nature.com\/articles\/s41699-025-00609-6\">4. Imaging junctions in two-dimensional semiconductor nanosheet networks<\/a><\/h5>\n<p>Jelena Pe\u0161i\u0107, Simon Leitner, Joseph Neilson, Igor Stankovi\u0107, Muhammad Zubair Khan, Dragana Tizi\u0107 Matkovi\u0107, Adam G. Kelly, Tian Carey, Jonathan Coleman and Aleksandar Matkovi\u0107<\/p>\n<p>npj 2D Materials and Applications volume <strong>9<\/strong>, 90 (2025)<br \/>\nDOI:<strong> 10.1038<\/strong>\/s41699-025-00609-6<\/p>\n<\/div>\n<\/div><\/div><\/div><\/div><\/div><\/div><\/div><\/div><\/div>","protected":false},"excerpt":{"rendered":"","protected":false},"author":1,"featured_media":0,"parent":0,"menu_order":0,"comment_status":"closed","ping_status":"closed","template":"","meta":{"footnotes":""},"class_list":["post-18","page","type-page","status-publish","hentry","post"],"yoast_head":"<!-- This site is optimized with the Yoast SEO plugin v23.8 - https:\/\/yoast.com\/wordpress\/plugins\/seo\/ -->\n<title>Publications - HIP-2D-QM<\/title>\n<meta name=\"robots\" content=\"index, follow, max-snippet:-1, max-image-preview:large, max-video-preview:-1\" \/>\n<link rel=\"canonical\" href=\"https:\/\/www.hip2dqm.solidstate.ipb.ac.rs\/?page_id=18\" \/>\n<meta property=\"og:locale\" content=\"en_US\" \/>\n<meta property=\"og:type\" content=\"article\" \/>\n<meta property=\"og:title\" content=\"Publications - HIP-2D-QM\" \/>\n<meta property=\"og:url\" content=\"https:\/\/www.hip2dqm.solidstate.ipb.ac.rs\/?page_id=18\" \/>\n<meta property=\"og:site_name\" content=\"HIP-2D-QM\" \/>\n<meta property=\"article:modified_time\" content=\"2026-04-01T12:27:46+00:00\" \/>\n<meta name=\"twitter:card\" content=\"summary_large_image\" \/>\n<meta name=\"twitter:label1\" content=\"Est. reading time\" \/>\n\t<meta name=\"twitter:data1\" content=\"2 minutes\" \/>\n<script type=\"application\/ld+json\" class=\"yoast-schema-graph\">{\"@context\":\"https:\/\/schema.org\",\"@graph\":[{\"@type\":\"WebPage\",\"@id\":\"https:\/\/www.hip2dqm.solidstate.ipb.ac.rs\/?page_id=18\",\"url\":\"https:\/\/www.hip2dqm.solidstate.ipb.ac.rs\/?page_id=18\",\"name\":\"Publications - HIP-2D-QM\",\"isPartOf\":{\"@id\":\"https:\/\/www.hip2dqm.solidstate.ipb.ac.rs\/#website\"},\"datePublished\":\"2024-11-06T12:36:16+00:00\",\"dateModified\":\"2026-04-01T12:27:46+00:00\",\"breadcrumb\":{\"@id\":\"https:\/\/www.hip2dqm.solidstate.ipb.ac.rs\/?page_id=18#breadcrumb\"},\"inLanguage\":\"en-US\",\"potentialAction\":[{\"@type\":\"ReadAction\",\"target\":[\"https:\/\/www.hip2dqm.solidstate.ipb.ac.rs\/?page_id=18\"]}]},{\"@type\":\"BreadcrumbList\",\"@id\":\"https:\/\/www.hip2dqm.solidstate.ipb.ac.rs\/?page_id=18#breadcrumb\",\"itemListElement\":[{\"@type\":\"ListItem\",\"position\":1,\"name\":\"Home\",\"item\":\"https:\/\/www.hip2dqm.solidstate.ipb.ac.rs\/\"},{\"@type\":\"ListItem\",\"position\":2,\"name\":\"Publications\"}]},{\"@type\":\"WebSite\",\"@id\":\"https:\/\/www.hip2dqm.solidstate.ipb.ac.rs\/#website\",\"url\":\"https:\/\/www.hip2dqm.solidstate.ipb.ac.rs\/\",\"name\":\"HIP-2D-QM\",\"description\":\"\",\"potentialAction\":[{\"@type\":\"SearchAction\",\"target\":{\"@type\":\"EntryPoint\",\"urlTemplate\":\"https:\/\/www.hip2dqm.solidstate.ipb.ac.rs\/?s={search_term_string}\"},\"query-input\":{\"@type\":\"PropertyValueSpecification\",\"valueRequired\":true,\"valueName\":\"search_term_string\"}}],\"inLanguage\":\"en-US\"}]}<\/script>\n<!-- \/ Yoast SEO plugin. -->","yoast_head_json":{"title":"Publications - HIP-2D-QM","robots":{"index":"index","follow":"follow","max-snippet":"max-snippet:-1","max-image-preview":"max-image-preview:large","max-video-preview":"max-video-preview:-1"},"canonical":"https:\/\/www.hip2dqm.solidstate.ipb.ac.rs\/?page_id=18","og_locale":"en_US","og_type":"article","og_title":"Publications - HIP-2D-QM","og_url":"https:\/\/www.hip2dqm.solidstate.ipb.ac.rs\/?page_id=18","og_site_name":"HIP-2D-QM","article_modified_time":"2026-04-01T12:27:46+00:00","twitter_card":"summary_large_image","twitter_misc":{"Est. reading time":"2 minutes"},"schema":{"@context":"https:\/\/schema.org","@graph":[{"@type":"WebPage","@id":"https:\/\/www.hip2dqm.solidstate.ipb.ac.rs\/?page_id=18","url":"https:\/\/www.hip2dqm.solidstate.ipb.ac.rs\/?page_id=18","name":"Publications - HIP-2D-QM","isPartOf":{"@id":"https:\/\/www.hip2dqm.solidstate.ipb.ac.rs\/#website"},"datePublished":"2024-11-06T12:36:16+00:00","dateModified":"2026-04-01T12:27:46+00:00","breadcrumb":{"@id":"https:\/\/www.hip2dqm.solidstate.ipb.ac.rs\/?page_id=18#breadcrumb"},"inLanguage":"en-US","potentialAction":[{"@type":"ReadAction","target":["https:\/\/www.hip2dqm.solidstate.ipb.ac.rs\/?page_id=18"]}]},{"@type":"BreadcrumbList","@id":"https:\/\/www.hip2dqm.solidstate.ipb.ac.rs\/?page_id=18#breadcrumb","itemListElement":[{"@type":"ListItem","position":1,"name":"Home","item":"https:\/\/www.hip2dqm.solidstate.ipb.ac.rs\/"},{"@type":"ListItem","position":2,"name":"Publications"}]},{"@type":"WebSite","@id":"https:\/\/www.hip2dqm.solidstate.ipb.ac.rs\/#website","url":"https:\/\/www.hip2dqm.solidstate.ipb.ac.rs\/","name":"HIP-2D-QM","description":"","potentialAction":[{"@type":"SearchAction","target":{"@type":"EntryPoint","urlTemplate":"https:\/\/www.hip2dqm.solidstate.ipb.ac.rs\/?s={search_term_string}"},"query-input":{"@type":"PropertyValueSpecification","valueRequired":true,"valueName":"search_term_string"}}],"inLanguage":"en-US"}]}},"_links":{"self":[{"href":"https:\/\/www.hip2dqm.solidstate.ipb.ac.rs\/index.php?rest_route=\/wp\/v2\/pages\/18","targetHints":{"allow":["GET"]}}],"collection":[{"href":"https:\/\/www.hip2dqm.solidstate.ipb.ac.rs\/index.php?rest_route=\/wp\/v2\/pages"}],"about":[{"href":"https:\/\/www.hip2dqm.solidstate.ipb.ac.rs\/index.php?rest_route=\/wp\/v2\/types\/page"}],"author":[{"embeddable":true,"href":"https:\/\/www.hip2dqm.solidstate.ipb.ac.rs\/index.php?rest_route=\/wp\/v2\/users\/1"}],"replies":[{"embeddable":true,"href":"https:\/\/www.hip2dqm.solidstate.ipb.ac.rs\/index.php?rest_route=%2Fwp%2Fv2%2Fcomments&post=18"}],"version-history":[{"count":7,"href":"https:\/\/www.hip2dqm.solidstate.ipb.ac.rs\/index.php?rest_route=\/wp\/v2\/pages\/18\/revisions"}],"predecessor-version":[{"id":870,"href":"https:\/\/www.hip2dqm.solidstate.ipb.ac.rs\/index.php?rest_route=\/wp\/v2\/pages\/18\/revisions\/870"}],"wp:attachment":[{"href":"https:\/\/www.hip2dqm.solidstate.ipb.ac.rs\/index.php?rest_route=%2Fwp%2Fv2%2Fmedia&parent=18"}],"curies":[{"name":"wp","href":"https:\/\/api.w.org\/{rel}","templated":true}]}}