{"id":431,"date":"2025-10-01T19:02:30","date_gmt":"2025-10-01T19:02:30","guid":{"rendered":"https:\/\/www.hip2dqm.solidstate.ipb.ac.rs\/?page_id=431"},"modified":"2025-10-02T09:06:12","modified_gmt":"2025-10-02T09:06:12","slug":"workshop-focus-understanding-the-challenges-women-face-in-science","status":"publish","type":"page","link":"https:\/\/www.hip2dqm.solidstate.ipb.ac.rs\/?page_id=431","title":{"rendered":"Workshop Focus: Understanding the Challenges Women Face in Science"},"content":{"rendered":"<div id=\"pl-431\"  class=\"panel-layout\" ><div id=\"pg-431-0\"  class=\"panel-grid panel-no-style\" ><div id=\"pgc-431-0-0\"  class=\"panel-grid-cell\" ><div id=\"panel-431-0-0-0\" class=\"so-panel widget widget_sow-headline panel-first-child\" data-index=\"0\" ><div\n\t\t\t\n\t\t\tclass=\"so-widget-sow-headline so-widget-sow-headline-default-ec1eb4cebc48-431\"\n\t\t\t\n\t\t><div class=\"sow-headline-container \">\n\t\t\t\t\t\t\t<h2 class=\"sow-headline\">\n\t\t\t\t\t\tWorkshop Focus: Understanding the Challenges Women Face in Science\t\t\t\t\t\t<\/h2>\n\t\t\t\t\t\t\t\t\t\t\t<div class=\"decoration\">\n\t\t\t\t\t\t<div class=\"decoration-inside\"><\/div>\n\t\t\t\t\t<\/div>\n\t\t\t\t\t<\/div>\n<\/div><\/div><div id=\"panel-431-0-0-1\" class=\"so-panel widget widget_sow-editor\" data-index=\"1\" ><div class=\"panel-widget-style panel-widget-style-for-431-0-0-1\" ><div\n\t\t\t\n\t\t\tclass=\"so-widget-sow-editor so-widget-sow-editor-base\"\n\t\t\t\n\t\t>\n<div class=\"siteorigin-widget-tinymce textwidget\">\n\t<h4><strong data-start=\"144\" data-end=\"170\">October 6, 2025, 12:00<\/strong><br data-start=\"170\" data-end=\"173\" \/><strong data-start=\"173\" data-end=\"186\">Location:<\/strong> Tavan, Institute of Physics Belgrade<\/h4>\n<\/div>\n<\/div><\/div><\/div><div id=\"panel-431-0-0-2\" class=\"so-panel widget widget_sow-editor\" data-index=\"2\" ><div\n\t\t\t\n\t\t\tclass=\"so-widget-sow-editor so-widget-sow-editor-base\"\n\t\t\t\n\t\t>\n<div class=\"siteorigin-widget-tinymce textwidget\">\n\t<p data-start=\"225\" data-end=\"543\">Through this initiative, <a href=\"http:\/\/solidstate.ipb.ac.rs\/the-diversity-and-gender-dimension-board\/\">DGDB<\/a> aims to strengthen understanding and inclusion in the scientific community and to encourage open dialogue on topics relevant to all Institute members. The goal is to highlight the challenges and barriers faced by women in science, share firsthand experiences and suggest practical steps the Institute can take.<\/p>\n<\/div>\n<\/div><\/div><div id=\"panel-431-0-0-3\" class=\"so-panel widget widget_sow-editor panel-last-child\" data-index=\"3\" ><div\n\t\t\t\n\t\t\tclass=\"so-widget-sow-editor so-widget-sow-editor-base\"\n\t\t\t\n\t\t>\n<div class=\"siteorigin-widget-tinymce textwidget\">\n\t<p data-start=\"225\" data-end=\"543\">The event is open to all Institute staff and students. External attendees are welcome with prior registration due to limited number of spots.<\/p>\n<\/div>\n<\/div><\/div><\/div><\/div><div id=\"pg-431-1\"  class=\"panel-grid panel-no-style\" ><div id=\"pgc-431-1-0\"  class=\"panel-grid-cell\" ><div id=\"panel-431-1-0-0\" class=\"so-panel widget widget_sow-headline panel-first-child\" data-index=\"4\" ><div\n\t\t\t\n\t\t\tclass=\"so-widget-sow-headline so-widget-sow-headline-default-ec1eb4cebc48-431\"\n\t\t\t\n\t\t><div class=\"sow-headline-container \">\n\t\t\t\t\t\t\t<h2 class=\"sow-headline\">\n\t\t\t\t\t\tMODERATOR\t\t\t\t\t\t<\/h2>\n\t\t\t\t\t\t\t\t\t\t\t<div class=\"decoration\">\n\t\t\t\t\t\t<div class=\"decoration-inside\"><\/div>\n\t\t\t\t\t<\/div>\n\t\t\t\t\t<\/div>\n<\/div><\/div><div id=\"panel-431-1-0-1\" class=\"so-panel widget widget_sow-testimonials panel-last-child\" data-index=\"5\" ><div class=\"panel-widget-style panel-widget-style-for-431-1-0-1\" ><div\n\t\t\t\n\t\t\tclass=\"so-widget-sow-testimonials so-widget-sow-testimonials-default-17bbf44f2368-431\"\n\t\t\t\n\t\t><div class=\"sow-testimonials\">\n\t\t\t\t\t<div class=\"sow-testimonial-wrapper sow-user-middle sow-layout-text-below\">\n\t\t\t<div class=\"sow-testimonial\">\n\t\t\t\t\n\t\t\t\t<div class=\"sow-testimonial-user\">\n\t\t\t\t\t\t\t\t\t\t<div class=\"sow-image-wrapper sow-image-wrapper-shape-round\">\n\t\t\t\t\t\t\t\t\t\t\t\t<div class=\"sow-round-image-frame\" style=\"background-image: url( https:\/\/www.hip2dqm.solidstate.ipb.ac.rs\/wp-content\/uploads\/2025\/10\/Marija-Duric-4.jpeg );\"><\/div>\t\t\t\t\t\t\t\t\t\t\t<\/div>\n\t\t\t\t\t\n\t\t\t\t\t<div class=\"sow-text\">\n\t\t\t\t\t\t\t\t\t\t\t\t\t<span class=\"sow-testimonial-name\"><strong>Marija \u0110uri\u0107<\/strong><\/span>\n\t\t\t\t\t\t\t\t\t\t\t\t\t\t\t\t\t\t\t\t\t\t\t\t\t<span class=\"sow-testimonial-location\">Science Journalist, Communications Department, Institute of Physics Belgrade<\/span>\n\t\t\t\t\t\t\t\t\t\t\t\t\t\t\t\t\t<\/div>\n\t\t\t\t<\/div>\n\n\t\t\t\t\t\t\t\t\t<div class=\"sow-testimonial-text\">\n\t\t\t\t\t\t<p>Marija \u0110uri\u0107 works in science journalism and science communication, as well as in organizing science-popularization events. She writes about science for numerous domestic and international media outlets.<\/p>\n\t\t\t\t\t<\/div>\n\t\t\t\t\t\t\t<\/div>\n\t\t<\/div>\n\t<\/div>\n<\/div><\/div><\/div><\/div><div id=\"pgc-431-1-1\"  class=\"panel-grid-cell\" ><div id=\"panel-431-1-1-0\" class=\"so-panel widget widget_sow-headline panel-first-child\" data-index=\"6\" ><div\n\t\t\t\n\t\t\tclass=\"so-widget-sow-headline so-widget-sow-headline-default-ec1eb4cebc48-431\"\n\t\t\t\n\t\t><div class=\"sow-headline-container \">\n\t\t\t\t\t\t\t<h2 class=\"sow-headline\">\n\t\t\t\t\t\tAGENDA\t\t\t\t\t\t<\/h2>\n\t\t\t\t\t\t\t\t\t\t\t<div class=\"decoration\">\n\t\t\t\t\t\t<div class=\"decoration-inside\"><\/div>\n\t\t\t\t\t<\/div>\n\t\t\t\t\t<\/div>\n<\/div><\/div><div id=\"panel-431-1-1-1\" class=\"so-panel widget widget_sow-editor panel-last-child\" data-index=\"7\" ><div\n\t\t\t\n\t\t\tclass=\"so-widget-sow-editor so-widget-sow-editor-base\"\n\t\t\t\n\t\t>\n<div class=\"siteorigin-widget-tinymce textwidget\">\n\t<ul data-start=\"701\" data-end=\"859\">\n<li data-start=\"701\" data-end=\"731\">\n<p style=\"text-align: center;\" data-start=\"703\" data-end=\"731\"><strong data-start=\"703\" data-end=\"712\">12:00<\/strong> Workshop opening<\/p>\n<\/li>\n<li style=\"text-align: center;\" data-start=\"732\" data-end=\"768\">\n<p data-start=\"734\" data-end=\"768\"><strong data-start=\"734\" data-end=\"749\">12:15\u201313:30<\/strong> Panel discussion<\/p>\n<\/li>\n<li style=\"text-align: center;\" data-start=\"769\" data-end=\"801\">\n<p data-start=\"771\" data-end=\"801\"><strong data-start=\"771\" data-end=\"786\">13:30\u201314:00<\/strong> Audience Q&amp;A<\/p>\n<\/li>\n<li data-start=\"802\" data-end=\"859\">\n<p style=\"text-align: center;\" data-start=\"804\" data-end=\"859\"><strong data-start=\"804\" data-end=\"819\">14:00\u201316:00<\/strong> Informal conversation with refreshments<\/p>\n<\/li>\n<\/ul>\n<\/div>\n<\/div><\/div><\/div><div id=\"pgc-431-1-2\"  class=\"panel-grid-cell\" ><div id=\"panel-431-1-2-0\" class=\"so-panel widget widget_sow-headline panel-first-child\" data-index=\"8\" ><div\n\t\t\t\n\t\t\tclass=\"so-widget-sow-headline so-widget-sow-headline-default-ec1eb4cebc48-431\"\n\t\t\t\n\t\t><div class=\"sow-headline-container \">\n\t\t\t\t\t\t\t<h2 class=\"sow-headline\">\n\t\t\t\t\t\tORGANISERS\t\t\t\t\t\t<\/h2>\n\t\t\t\t\t\t\t\t\t\t\t<div class=\"decoration\">\n\t\t\t\t\t\t<div class=\"decoration-inside\"><\/div>\n\t\t\t\t\t<\/div>\n\t\t\t\t\t<\/div>\n<\/div><\/div><div id=\"panel-431-1-2-1\" class=\"so-panel widget widget_sow-editor panel-last-child\" data-index=\"9\" ><div\n\t\t\t\n\t\t\tclass=\"so-widget-sow-editor so-widget-sow-editor-base\"\n\t\t\t\n\t\t>\n<div class=\"siteorigin-widget-tinymce textwidget\">\n\t<p style=\"text-align: center;\" data-start=\"804\" data-end=\"859\">Dr Bojana Vi\u0161i\u0107<\/p>\n<p style=\"text-align: center;\" data-start=\"804\" data-end=\"859\">Dr Jelena Pe\u0161i\u0107<\/p>\n<\/div>\n<\/div><\/div><\/div><\/div><div id=\"pg-431-2\"  class=\"panel-grid panel-has-style\" ><div class=\"siteorigin-panels-stretch panel-row-style panel-row-style-for-431-2\" data-stretch-type=\"full\" ><div id=\"pgc-431-2-0\"  class=\"panel-grid-cell\" ><div id=\"panel-431-2-0-0\" class=\"so-panel widget widget_sow-headline panel-first-child\" data-index=\"10\" ><div class=\"panel-widget-style panel-widget-style-for-431-2-0-0\" ><div\n\t\t\t\n\t\t\tclass=\"so-widget-sow-headline so-widget-sow-headline-default-38dafb2d1e45-431 so-widget-fittext-wrapper\"\n\t\t\t data-fit-text-compressor=\"0.85\"\n\t\t><div class=\"sow-headline-container \">\n\t\t\t\t\t\t\t<h3 class=\"sow-headline\">\n\t\t\t\t\t\tPANELISTS\t\t\t\t\t\t<\/h3>\n\t\t\t\t\t\t\t\t\t\t\t<div class=\"decoration\">\n\t\t\t\t\t\t<div class=\"decoration-inside\"><\/div>\n\t\t\t\t\t<\/div>\n\t\t\t\t\t<\/div>\n<\/div><\/div><\/div><div id=\"panel-431-2-0-1\" class=\"so-panel widget widget_sow-testimonials panel-last-child\" data-index=\"11\" ><div class=\"panel-widget-style panel-widget-style-for-431-2-0-1\" ><div\n\t\t\t\n\t\t\tclass=\"so-widget-sow-testimonials so-widget-sow-testimonials-default-3b3e98d884dc-431\"\n\t\t\t\n\t\t><div class=\"sow-testimonials\">\n\t\t\t\t\t<div class=\"sow-testimonial-wrapper sow-user-left sow-layout-side\">\n\t\t\t<div class=\"sow-testimonial\">\n\t\t\t\t\n\t\t\t\t<div class=\"sow-testimonial-user\">\n\t\t\t\t\t\t\t\t\t\t<div class=\"sow-image-wrapper sow-image-wrapper-shape-round\">\n\t\t\t\t\t\t\t\t\t\t\t\t<div class=\"sow-round-image-frame\" style=\"background-image: url( https:\/\/www.hip2dqm.solidstate.ipb.ac.rs\/wp-content\/uploads\/2025\/10\/Dr.-Mira-Anicic-Urosevic.jpg );\"><\/div>\t\t\t\t\t\t\t\t\t\t\t<\/div>\n\t\t\t\t\t\n\t\t\t\t\t<div class=\"sow-text\">\n\t\t\t\t\t\t\t\t\t\t\t\t\t<span class=\"sow-testimonial-name\"><strong>Dr. Mira Ani\u010di\u0107 Uro\u0161evi\u0107<\/strong><\/span>\n\t\t\t\t\t\t\t\t\t\t\t\t\t\t\t\t\t\t\t\t\t\t\t\t\t<span class=\"sow-testimonial-location\">Principal Research Fellow, Institute of Physics Belgrade<\/span>\n\t\t\t\t\t\t\t\t\t\t\t\t\t\t\t\t\t<\/div>\n\t\t\t\t<\/div>\n\n\t\t\t\t\t\t\t\t\t<div class=\"sow-testimonial-text\">\n\t\t\t\t\t\t<p>Works on biomonitoring environmental pollution by organic and inorganic contaminants using plants and animals, as well as advanced chemical and physical analytical methods.<\/p>\n\t\t\t\t\t<\/div>\n\t\t\t\t\t\t\t<\/div>\n\t\t<\/div>\n\t\t\t\t\t<div class=\"sow-testimonial-wrapper sow-user-left sow-layout-side\">\n\t\t\t<div class=\"sow-testimonial\">\n\t\t\t\t\n\t\t\t\t<div class=\"sow-testimonial-user\">\n\t\t\t\t\t\t\t\t\t\t<div class=\"sow-image-wrapper sow-image-wrapper-shape-round\">\n\t\t\t\t\t\t\t\t\t\t\t\t<div class=\"sow-round-image-frame\" style=\"background-image: url( https:\/\/www.hip2dqm.solidstate.ipb.ac.rs\/wp-content\/uploads\/2025\/10\/Dr.-Jovana-Despotovic-scaled.jpg );\"><\/div>\t\t\t\t\t\t\t\t\t\t\t<\/div>\n\t\t\t\t\t\n\t\t\t\t\t<div class=\"sow-text\">\n\t\t\t\t\t\t\t\t\t\t\t\t\t<span class=\"sow-testimonial-name\"><strong>Dr. Jovana Despotovi\u0107<\/strong><\/span>\n\t\t\t\t\t\t\t\t\t\t\t\t\t\t\t\t\t\t\t\t\t\t\t\t\t<span class=\"sow-testimonial-location\">Research Associate, Institute of Molecular Genetics and Genetic Engineering<\/span>\n\t\t\t\t\t\t\t\t\t\t\t\t\t\t\t\t\t<\/div>\n\t\t\t\t<\/div>\n\n\t\t\t\t\t\t\t\t\t<div class=\"sow-testimonial-text\">\n\t\t\t\t\t\t<p>Studies the role of noncoding RNAs in the onset and progression of colorectal cancer and their potential as biomarkers for diagnosis and prediction of therapy response.<\/p>\n\t\t\t\t\t<\/div>\n\t\t\t\t\t\t\t<\/div>\n\t\t<\/div>\n\t\t\t\t\t<div class=\"sow-testimonial-wrapper sow-user-left sow-layout-side\">\n\t\t\t<div class=\"sow-testimonial\">\n\t\t\t\t\n\t\t\t\t<div class=\"sow-testimonial-user\">\n\t\t\t\t\t\t\t\t\t\t<div class=\"sow-image-wrapper sow-image-wrapper-shape-round\">\n\t\t\t\t\t\t\t\t\t\t\t\t<div class=\"sow-round-image-frame\" style=\"background-image: url( https:\/\/www.hip2dqm.solidstate.ipb.ac.rs\/wp-content\/uploads\/2025\/10\/Dr-Tijana-Milicevic.jpg );\"><\/div>\t\t\t\t\t\t\t\t\t\t\t<\/div>\n\t\t\t\t\t\n\t\t\t\t\t<div class=\"sow-text\">\n\t\t\t\t\t\t\t\t\t\t\t\t\t<span class=\"sow-testimonial-name\"><strong>Dr. Tijana Mili\u0107evi\u0107<\/strong><\/span>\n\t\t\t\t\t\t\t\t\t\t\t\t\t\t\t\t\t\t\t\t\t\t\t\t\t<span class=\"sow-testimonial-location\">Senior Research Associate, Institute of Physics Belgrade<\/span>\n\t\t\t\t\t\t\t\t\t\t\t\t\t\t\t\t\t<\/div>\n\t\t\t\t<\/div>\n\n\t\t\t\t\t\t\t\t\t<div class=\"sow-testimonial-text\">\n\t\t\t\t\t\t<p>Investigates inorganic and organic substances in environmental and food samples, focusing on exposure assessment and human health risk.<\/p>\n\t\t\t\t\t<\/div>\n\t\t\t\t\t\t\t<\/div>\n\t\t<\/div>\n\t\t\t\t\t<div class=\"sow-testimonial-wrapper sow-user-left sow-layout-side\">\n\t\t\t<div class=\"sow-testimonial\">\n\t\t\t\t\n\t\t\t\t<div class=\"sow-testimonial-user\">\n\t\t\t\t\t\t\t\t\t\t<div class=\"sow-image-wrapper sow-image-wrapper-shape-round\">\n\t\t\t\t\t\t\t\t\t\t\t\t<div class=\"sow-round-image-frame\" style=\"background-image: url( https:\/\/www.hip2dqm.solidstate.ipb.ac.rs\/wp-content\/uploads\/2025\/10\/Dr-Marija-Mitrovic-Dankulov.jpg );\"><\/div>\t\t\t\t\t\t\t\t\t\t\t<\/div>\n\t\t\t\t\t\n\t\t\t\t\t<div class=\"sow-text\">\n\t\t\t\t\t\t\t\t\t\t\t\t\t<span class=\"sow-testimonial-name\"><strong>Dr. Marija Mitrovi\u0107 Dankulov<\/strong><\/span>\n\t\t\t\t\t\t\t\t\t\t\t\t\t\t\t\t\t\t\t\t\t\t\t\t\t<span class=\"sow-testimonial-location\">Principal Research Fellow, Head of the Center for the Study of Complex Systems and the Innovation Center, Institute of Physics Belgrade<\/span>\n\t\t\t\t\t\t\t\t\t\t\t\t\t\t\t\t\t<\/div>\n\t\t\t\t<\/div>\n\n\t\t\t\t\t\t\t\t\t<div class=\"sow-testimonial-text\">\n\t\t\t\t\t\t<p>Works in the physics of complex systems and network theory, with a focus on social systems.<\/p>\n\t\t\t\t\t<\/div>\n\t\t\t\t\t\t\t<\/div>\n\t\t<\/div>\n\t\t\t\t\t<div class=\"sow-testimonial-wrapper sow-user-left sow-layout-side\">\n\t\t\t<div class=\"sow-testimonial\">\n\t\t\t\t\n\t\t\t\t<div class=\"sow-testimonial-user\">\n\t\t\t\t\t\t\t\t\t\t<div class=\"sow-image-wrapper sow-image-wrapper-shape-round\">\n\t\t\t\t\t\t\t\t\t\t\t\t<div class=\"sow-round-image-frame\" style=\"background-image: url( https:\/\/www.hip2dqm.solidstate.ipb.ac.rs\/wp-content\/uploads\/2025\/10\/Sladana-Savic-Jovanovic.jpg );\"><\/div>\t\t\t\t\t\t\t\t\t\t\t<\/div>\n\t\t\t\t\t\n\t\t\t\t\t<div class=\"sow-text\">\n\t\t\t\t\t\t\t\t\t\t\t\t\t<span class=\"sow-testimonial-name\"><strong>Sla\u0111ana Savi\u0107 Jovanovi\u0107<\/strong><\/span>\n\t\t\t\t\t\t\t\t\t\t\t\t\t\t\t\t\t\t\t\t\t\t\t\t\t<span class=\"sow-testimonial-location\">Teaching Assistant and Equality Officer, Faculty of Chemistry, University of Belgrade<\/span>\n\t\t\t\t\t\t\t\t\t\t\t\t\t\t\t\t\t<\/div>\n\t\t\t\t<\/div>\n\n\t\t\t\t\t\t\t\t\t<div class=\"sow-testimonial-text\">\n\t\t\t\t\t\t<p>Develops advanced oxidation processes for removing pharmaceuticals and pesticides from wastewater and methods for chromatographic monitoring of small organic molecules.<\/p>\n\t\t\t\t\t<\/div>\n\t\t\t\t\t\t\t<\/div>\n\t\t<\/div>\n\t<\/div>\n<\/div><\/div><\/div><\/div><\/div><\/div><div id=\"pg-431-3\"  class=\"panel-grid panel-has-style\" ><div class=\"siteorigin-panels-stretch panel-row-style panel-row-style-for-431-3\" data-stretch-type=\"full-width-stretch\" ><div id=\"pgc-431-3-0\"  class=\"panel-grid-cell\" ><div id=\"panel-431-3-0-0\" class=\"so-panel widget widget_sow-editor panel-first-child panel-last-child\" data-index=\"12\" ><div class=\"panel-widget-style panel-widget-style-for-431-3-0-0\" ><div\n\t\t\t\n\t\t\tclass=\"so-widget-sow-editor so-widget-sow-editor-base\"\n\t\t\t\n\t\t>\n<div class=\"siteorigin-widget-tinymce textwidget\">\n\t<p>This Workshop is supported by HIP-2D-QM Project, with funding from the European Union\u2019s Horizon Europe research and innovation programme under grant agreement No 101185375.<\/p>\n<\/div>\n<\/div><\/div><\/div><\/div><\/div><\/div><\/div>","protected":false},"excerpt":{"rendered":"<p>October 6, 2025, 12:00Location: Tavan, Institute of Physics Belgrade Through this initiative, DGDB aims to strengthen understanding and inclusion in the scientific community and to encourage open dialogue on topics relevant to all Institute members. The goal is to highlight the challenges and barriers faced by women in science, share firsthand experiences and suggest practical [&hellip;]<\/p>\n","protected":false},"author":1,"featured_media":0,"parent":0,"menu_order":0,"comment_status":"closed","ping_status":"closed","template":"","meta":{"footnotes":""},"class_list":["post-431","page","type-page","status-publish","hentry","post"],"yoast_head":"<!-- This site is optimized with the Yoast SEO plugin v23.8 - https:\/\/yoast.com\/wordpress\/plugins\/seo\/ -->\n<title>Workshop Focus: Understanding the Challenges Women Face in Science - HIP-2D-QM<\/title>\n<meta name=\"robots\" content=\"index, follow, max-snippet:-1, max-image-preview:large, max-video-preview:-1\" \/>\n<link rel=\"canonical\" href=\"https:\/\/www.hip2dqm.solidstate.ipb.ac.rs\/?page_id=431\" \/>\n<meta property=\"og:locale\" content=\"en_US\" \/>\n<meta property=\"og:type\" content=\"article\" \/>\n<meta property=\"og:title\" content=\"Workshop Focus: Understanding the Challenges Women Face in Science - HIP-2D-QM\" \/>\n<meta property=\"og:description\" content=\"October 6, 2025, 12:00Location: Tavan, Institute of Physics Belgrade Through this initiative, DGDB aims to strengthen understanding and inclusion in the scientific community and to encourage open dialogue on topics relevant to all Institute members. The goal is to highlight the challenges and barriers faced by women in science, share firsthand experiences and suggest practical [&hellip;]\" \/>\n<meta property=\"og:url\" content=\"https:\/\/www.hip2dqm.solidstate.ipb.ac.rs\/?page_id=431\" \/>\n<meta property=\"og:site_name\" content=\"HIP-2D-QM\" \/>\n<meta property=\"article:modified_time\" content=\"2025-10-02T09:06:12+00:00\" \/>\n<meta name=\"twitter:card\" content=\"summary_large_image\" \/>\n<meta name=\"twitter:label1\" content=\"Est. reading time\" \/>\n\t<meta name=\"twitter:data1\" content=\"2 minutes\" \/>\n<script type=\"application\/ld+json\" class=\"yoast-schema-graph\">{\"@context\":\"https:\/\/schema.org\",\"@graph\":[{\"@type\":\"WebPage\",\"@id\":\"https:\/\/www.hip2dqm.solidstate.ipb.ac.rs\/?page_id=431\",\"url\":\"https:\/\/www.hip2dqm.solidstate.ipb.ac.rs\/?page_id=431\",\"name\":\"Workshop Focus: Understanding the Challenges Women Face in Science - HIP-2D-QM\",\"isPartOf\":{\"@id\":\"https:\/\/www.hip2dqm.solidstate.ipb.ac.rs\/#website\"},\"datePublished\":\"2025-10-01T19:02:30+00:00\",\"dateModified\":\"2025-10-02T09:06:12+00:00\",\"breadcrumb\":{\"@id\":\"https:\/\/www.hip2dqm.solidstate.ipb.ac.rs\/?page_id=431#breadcrumb\"},\"inLanguage\":\"en-US\",\"potentialAction\":[{\"@type\":\"ReadAction\",\"target\":[\"https:\/\/www.hip2dqm.solidstate.ipb.ac.rs\/?page_id=431\"]}]},{\"@type\":\"BreadcrumbList\",\"@id\":\"https:\/\/www.hip2dqm.solidstate.ipb.ac.rs\/?page_id=431#breadcrumb\",\"itemListElement\":[{\"@type\":\"ListItem\",\"position\":1,\"name\":\"Home\",\"item\":\"https:\/\/www.hip2dqm.solidstate.ipb.ac.rs\/\"},{\"@type\":\"ListItem\",\"position\":2,\"name\":\"Workshop Focus: Understanding the Challenges Women Face in Science\"}]},{\"@type\":\"WebSite\",\"@id\":\"https:\/\/www.hip2dqm.solidstate.ipb.ac.rs\/#website\",\"url\":\"https:\/\/www.hip2dqm.solidstate.ipb.ac.rs\/\",\"name\":\"HIP-2D-QM\",\"description\":\"\",\"potentialAction\":[{\"@type\":\"SearchAction\",\"target\":{\"@type\":\"EntryPoint\",\"urlTemplate\":\"https:\/\/www.hip2dqm.solidstate.ipb.ac.rs\/?s={search_term_string}\"},\"query-input\":{\"@type\":\"PropertyValueSpecification\",\"valueRequired\":true,\"valueName\":\"search_term_string\"}}],\"inLanguage\":\"en-US\"}]}<\/script>\n<!-- \/ Yoast SEO plugin. -->","yoast_head_json":{"title":"Workshop Focus: Understanding the Challenges Women Face in Science - HIP-2D-QM","robots":{"index":"index","follow":"follow","max-snippet":"max-snippet:-1","max-image-preview":"max-image-preview:large","max-video-preview":"max-video-preview:-1"},"canonical":"https:\/\/www.hip2dqm.solidstate.ipb.ac.rs\/?page_id=431","og_locale":"en_US","og_type":"article","og_title":"Workshop Focus: Understanding the Challenges Women Face in Science - HIP-2D-QM","og_description":"October 6, 2025, 12:00Location: Tavan, Institute of Physics Belgrade Through this initiative, DGDB aims to strengthen understanding and inclusion in the scientific community and to encourage open dialogue on topics relevant to all Institute members. The goal is to highlight the challenges and barriers faced by women in science, share firsthand experiences and suggest practical [&hellip;]","og_url":"https:\/\/www.hip2dqm.solidstate.ipb.ac.rs\/?page_id=431","og_site_name":"HIP-2D-QM","article_modified_time":"2025-10-02T09:06:12+00:00","twitter_card":"summary_large_image","twitter_misc":{"Est. reading time":"2 minutes"},"schema":{"@context":"https:\/\/schema.org","@graph":[{"@type":"WebPage","@id":"https:\/\/www.hip2dqm.solidstate.ipb.ac.rs\/?page_id=431","url":"https:\/\/www.hip2dqm.solidstate.ipb.ac.rs\/?page_id=431","name":"Workshop Focus: Understanding the Challenges Women Face in Science - HIP-2D-QM","isPartOf":{"@id":"https:\/\/www.hip2dqm.solidstate.ipb.ac.rs\/#website"},"datePublished":"2025-10-01T19:02:30+00:00","dateModified":"2025-10-02T09:06:12+00:00","breadcrumb":{"@id":"https:\/\/www.hip2dqm.solidstate.ipb.ac.rs\/?page_id=431#breadcrumb"},"inLanguage":"en-US","potentialAction":[{"@type":"ReadAction","target":["https:\/\/www.hip2dqm.solidstate.ipb.ac.rs\/?page_id=431"]}]},{"@type":"BreadcrumbList","@id":"https:\/\/www.hip2dqm.solidstate.ipb.ac.rs\/?page_id=431#breadcrumb","itemListElement":[{"@type":"ListItem","position":1,"name":"Home","item":"https:\/\/www.hip2dqm.solidstate.ipb.ac.rs\/"},{"@type":"ListItem","position":2,"name":"Workshop Focus: Understanding the Challenges Women Face in Science"}]},{"@type":"WebSite","@id":"https:\/\/www.hip2dqm.solidstate.ipb.ac.rs\/#website","url":"https:\/\/www.hip2dqm.solidstate.ipb.ac.rs\/","name":"HIP-2D-QM","description":"","potentialAction":[{"@type":"SearchAction","target":{"@type":"EntryPoint","urlTemplate":"https:\/\/www.hip2dqm.solidstate.ipb.ac.rs\/?s={search_term_string}"},"query-input":{"@type":"PropertyValueSpecification","valueRequired":true,"valueName":"search_term_string"}}],"inLanguage":"en-US"}]}},"_links":{"self":[{"href":"https:\/\/www.hip2dqm.solidstate.ipb.ac.rs\/index.php?rest_route=\/wp\/v2\/pages\/431","targetHints":{"allow":["GET"]}}],"collection":[{"href":"https:\/\/www.hip2dqm.solidstate.ipb.ac.rs\/index.php?rest_route=\/wp\/v2\/pages"}],"about":[{"href":"https:\/\/www.hip2dqm.solidstate.ipb.ac.rs\/index.php?rest_route=\/wp\/v2\/types\/page"}],"author":[{"embeddable":true,"href":"https:\/\/www.hip2dqm.solidstate.ipb.ac.rs\/index.php?rest_route=\/wp\/v2\/users\/1"}],"replies":[{"embeddable":true,"href":"https:\/\/www.hip2dqm.solidstate.ipb.ac.rs\/index.php?rest_route=%2Fwp%2Fv2%2Fcomments&post=431"}],"version-history":[{"count":67,"href":"https:\/\/www.hip2dqm.solidstate.ipb.ac.rs\/index.php?rest_route=\/wp\/v2\/pages\/431\/revisions"}],"predecessor-version":[{"id":511,"href":"https:\/\/www.hip2dqm.solidstate.ipb.ac.rs\/index.php?rest_route=\/wp\/v2\/pages\/431\/revisions\/511"}],"wp:attachment":[{"href":"https:\/\/www.hip2dqm.solidstate.ipb.ac.rs\/index.php?rest_route=%2Fwp%2Fv2%2Fmedia&parent=431"}],"curies":[{"name":"wp","href":"https:\/\/api.w.org\/{rel}","templated":true}]}}