{"id":911,"date":"2026-04-02T12:23:41","date_gmt":"2026-04-02T12:23:41","guid":{"rendered":"https:\/\/www.hip2dqm.solidstate.ipb.ac.rs\/?page_id=911"},"modified":"2026-04-02T12:25:47","modified_gmt":"2026-04-02T12:25:47","slug":"jovan-blagojevic-research-assistant","status":"publish","type":"page","link":"https:\/\/www.hip2dqm.solidstate.ipb.ac.rs\/?page_id=911","title":{"rendered":"Jovan Blagojevi\u0107 Research Assistant"},"content":{"rendered":"<div id=\"pl-911\"  class=\"panel-layout\" ><div id=\"pg-911-0\"  class=\"panel-grid panel-no-style\" ><div id=\"pgc-911-0-0\"  class=\"panel-grid-cell\" ><div id=\"panel-911-0-0-0\" class=\"so-panel widget widget_sow-headline panel-first-child panel-last-child\" data-index=\"0\" ><div\n\t\t\t\n\t\t\tclass=\"so-widget-sow-headline so-widget-sow-headline-default-08ca780a4db4-911\"\n\t\t\t\n\t\t><div class=\"sow-headline-container \">\n\t\t\t\t\t\t\t<h1 class=\"sow-headline\">\n\t\t\t\t\t\tJovan Blagojevi\u0107 Research Assistant\t\t\t\t\t\t<\/h1>\n\t\t\t\t\t\t\t\t\t\t\t<div class=\"decoration\">\n\t\t\t\t\t\t<div class=\"decoration-inside\"><\/div>\n\t\t\t\t\t<\/div>\n\t\t\t\t\t<\/div>\n<\/div><\/div><\/div><\/div><div id=\"pg-911-1\"  class=\"panel-grid panel-no-style\" ><div id=\"pgc-911-1-0\"  class=\"panel-grid-cell\" ><div id=\"panel-911-1-0-0\" class=\"so-panel widget widget_sow-image panel-first-child panel-last-child\" data-index=\"1\" ><div\n\t\t\t\n\t\t\tclass=\"so-widget-sow-image so-widget-sow-image-default-8b5b6f678277-911\"\n\t\t\t\n\t\t>\n\n<div class=\"sow-image-container\">\n\t\t<img loading=\"lazy\" decoding=\"async\" src=\"https:\/\/www.hip2dqm.solidstate.ipb.ac.rs\/wp-content\/uploads\/2026\/04\/Jovan-Blagojevic.png\" width=\"250\" height=\"321\" srcset=\"https:\/\/www.hip2dqm.solidstate.ipb.ac.rs\/wp-content\/uploads\/2026\/04\/Jovan-Blagojevic.png 298w, https:\/\/www.hip2dqm.solidstate.ipb.ac.rs\/wp-content\/uploads\/2026\/04\/Jovan-Blagojevic-233x300.png 233w\" sizes=\"auto, (max-width: 250px) 100vw, 250px\" alt=\"\" \t\tclass=\"so-widget-image\"\/>\n\t<\/div>\n\n<\/div><\/div><\/div><div id=\"pgc-911-1-1\"  class=\"panel-grid-cell\" ><div id=\"panel-911-1-1-0\" class=\"so-panel widget widget_sow-editor panel-first-child\" data-index=\"2\" ><div\n\t\t\t\n\t\t\tclass=\"so-widget-sow-editor so-widget-sow-editor-base\"\n\t\t\t\n\t\t>\n<div class=\"siteorigin-widget-tinymce textwidget\">\n\t<h1>Laboratory for Solid State Physics<\/h1>\n<p>Room 160D<\/p>\n<p><em>Center for Solid State Physics and New Materials,<\/em><br \/>\n<em>Institute of Physics Belgrade, University of Belgrade,<\/em><br \/>\n<em>Pregrevica 118, 11000 Belgrade, Serbia<\/em><\/p>\n<\/div>\n<\/div><\/div><div id=\"panel-911-1-1-1\" class=\"so-panel widget widget_siteorigin-panels-builder panel-last-child\" data-index=\"3\" ><div class=\"panel-widget-style panel-widget-style-for-911-1-1-1\" ><div id=\"pl-w69ce5fcd12ae7\"  class=\"panel-layout\" ><div id=\"pg-w69ce5fcd12ae7-0\"  class=\"panel-grid panel-no-style\" ><div id=\"pgc-w69ce5fcd12ae7-0-0\"  class=\"panel-grid-cell\" ><div id=\"panel-w69ce5fcd12ae7-0-0-0\" class=\"so-panel widget widget_sow-icon panel-first-child panel-last-child\" data-index=\"0\" ><div class=\"panel-widget-style panel-widget-style-for-w69ce5fcd12ae7-0-0-0\" ><div\n\t\t\t\n\t\t\tclass=\"so-widget-sow-icon so-widget-sow-icon-default-65c29410cf7e\"\n\t\t\t\n\t\t>\n<div class=\"sow-icon-container sow-icon\">\n\t\t\t<span class=\"sow-icon-fontawesome sow-far\" data-sow-icon=\"&#xf2b6;\"\n\t\t title=\"Email\"\n\t\taria-hidden=\"true\"><\/span>\t<\/div>\n<\/div><\/div><\/div><\/div><div id=\"pgc-w69ce5fcd12ae7-0-1\"  class=\"panel-grid-cell\" ><div id=\"panel-w69ce5fcd12ae7-0-1-0\" class=\"so-panel widget widget_sow-editor panel-first-child panel-last-child\" data-index=\"1\" ><div class=\"panel-widget-style panel-widget-style-for-w69ce5fcd12ae7-0-1-0\" ><div\n\t\t\t\n\t\t\tclass=\"so-widget-sow-editor so-widget-sow-editor-base\"\n\t\t\t\n\t\t>\n<div class=\"siteorigin-widget-tinymce textwidget\">\n\t<p>jovanb@ipb.ac.rs<\/p>\n<\/div>\n<\/div><\/div><\/div><\/div><\/div><div id=\"pg-w69ce5fcd12ae7-1\"  class=\"panel-grid panel-no-style\" ><div id=\"pgc-w69ce5fcd12ae7-1-0\"  class=\"panel-grid-cell\" ><div id=\"panel-w69ce5fcd12ae7-1-0-0\" class=\"so-panel widget widget_sow-icon panel-first-child panel-last-child\" data-index=\"2\" ><div class=\"panel-widget-style panel-widget-style-for-w69ce5fcd12ae7-1-0-0\" ><div\n\t\t\t\n\t\t\tclass=\"so-widget-sow-icon so-widget-sow-icon-default-65c29410cf7e\"\n\t\t\t\n\t\t>\n<div class=\"sow-icon-container sow-icon\">\n\t\t\t<span class=\"sow-icon-icomoon\" data-sow-icon=\"&#xea88;\"\n\t\t title=\"Google Scholar\"\n\t\taria-hidden=\"true\"><\/span>\t<\/div>\n<\/div><\/div><\/div><\/div><div id=\"pgc-w69ce5fcd12ae7-1-1\"  class=\"panel-grid-cell\" ><div id=\"panel-w69ce5fcd12ae7-1-1-0\" class=\"so-panel widget widget_sow-editor panel-first-child panel-last-child\" data-index=\"3\" ><div class=\"panel-widget-style panel-widget-style-for-w69ce5fcd12ae7-1-1-0\" ><div\n\t\t\t\n\t\t\tclass=\"so-widget-sow-editor so-widget-sow-editor-base\"\n\t\t\t\n\t\t>\n<div class=\"siteorigin-widget-tinymce textwidget\">\n\t<p><a href=\"https:\/\/scholar.google.com\/citations?user=vd1yrdoAAAAJ&amp;hl=sr&amp;authuser=1\">\u202aGoogle Scholar\u202c<\/a><\/p>\n<\/div>\n<\/div><\/div><\/div><\/div><\/div><div id=\"pg-w69ce5fcd12ae7-2\"  class=\"panel-grid panel-no-style\" ><div id=\"pgc-w69ce5fcd12ae7-2-0\"  class=\"panel-grid-cell\" ><div id=\"panel-w69ce5fcd12ae7-2-0-0\" class=\"so-panel widget widget_media_image panel-first-child panel-last-child\" data-index=\"4\" ><img loading=\"lazy\" decoding=\"async\" width=\"35\" height=\"35\" src=\"https:\/\/www.hip2dqm.solidstate.ipb.ac.rs\/wp-content\/uploads\/2025\/12\/researchgate_1057346_108081-150x150.png\" class=\"image wp-image-658  attachment-35x35 size-35x35\" alt=\"\" style=\"max-width: 100%; height: auto;\" srcset=\"https:\/\/www.hip2dqm.solidstate.ipb.ac.rs\/wp-content\/uploads\/2025\/12\/researchgate_1057346_108081-150x150.png 150w, https:\/\/www.hip2dqm.solidstate.ipb.ac.rs\/wp-content\/uploads\/2025\/12\/researchgate_1057346_108081-300x300.png 300w, https:\/\/www.hip2dqm.solidstate.ipb.ac.rs\/wp-content\/uploads\/2025\/12\/researchgate_1057346_108081-375x375.png 375w, https:\/\/www.hip2dqm.solidstate.ipb.ac.rs\/wp-content\/uploads\/2025\/12\/researchgate_1057346_108081-216x216.png 216w, https:\/\/www.hip2dqm.solidstate.ipb.ac.rs\/wp-content\/uploads\/2025\/12\/researchgate_1057346_108081.png 512w\" sizes=\"auto, (max-width: 35px) 100vw, 35px\" \/><\/div><\/div><div id=\"pgc-w69ce5fcd12ae7-2-1\"  class=\"panel-grid-cell\" ><div id=\"panel-w69ce5fcd12ae7-2-1-0\" class=\"so-panel widget widget_sow-editor panel-first-child panel-last-child\" data-index=\"5\" ><div class=\"panel-widget-style panel-widget-style-for-w69ce5fcd12ae7-2-1-0\" ><div\n\t\t\t\n\t\t\tclass=\"so-widget-sow-editor so-widget-sow-editor-base\"\n\t\t\t\n\t\t>\n<div class=\"siteorigin-widget-tinymce textwidget\">\n\t<p><a href=\"https:\/\/www.researchgate.net\/profile\/Jovan-Blagojevic-4\">ResearchGate<\/a><\/p>\n<\/div>\n<\/div><\/div><\/div><\/div><\/div><\/div><\/div><\/div><\/div><\/div><div id=\"pg-911-2\"  class=\"panel-grid panel-no-style\" ><div id=\"pgc-911-2-0\"  class=\"panel-grid-cell\" ><div id=\"panel-911-2-0-0\" class=\"so-panel widget widget_sow-headline panel-first-child\" data-index=\"4\" ><div\n\t\t\t\n\t\t\tclass=\"so-widget-sow-headline so-widget-sow-headline-default-ec1eb4cebc48-911\"\n\t\t\t\n\t\t><div class=\"sow-headline-container \">\n\t\t\t\t\t\t\t<h2 class=\"sow-headline\">\n\t\t\t\t\t\tResearch field\t\t\t\t\t\t<\/h2>\n\t\t\t\t\t\t\t\t\t\t\t<div class=\"decoration\">\n\t\t\t\t\t\t<div class=\"decoration-inside\"><\/div>\n\t\t\t\t\t<\/div>\n\t\t\t\t\t<\/div>\n<\/div><\/div><div id=\"panel-911-2-0-1\" class=\"so-panel widget widget_sow-editor panel-last-child\" data-index=\"5\" ><div\n\t\t\t\n\t\t\tclass=\"so-widget-sow-editor so-widget-sow-editor-base\"\n\t\t\t\n\t\t>\n<div class=\"siteorigin-widget-tinymce textwidget\">\n\t<p>Raman spectroscopy, (Quasi)2D materials, van der Waals materials, Superconductivity<\/p>\n<\/div>\n<\/div><\/div><\/div><\/div><div id=\"pg-911-3\"  class=\"panel-grid panel-no-style\" ><div id=\"pgc-911-3-0\"  class=\"panel-grid-cell\" ><div id=\"panel-911-3-0-0\" class=\"so-panel widget widget_sow-headline panel-first-child\" data-index=\"6\" ><div\n\t\t\t\n\t\t\tclass=\"so-widget-sow-headline so-widget-sow-headline-default-13194f4b5c75-911\"\n\t\t\t\n\t\t><div class=\"sow-headline-container \">\n\t\t\t\t\t\t\t<h3 class=\"sow-headline\">\n\t\t\t\t\t\tEducation\t\t\t\t\t\t<\/h3>\n\t\t\t\t\t\t\t\t\t\t\t<div class=\"decoration\">\n\t\t\t\t\t\t<div class=\"decoration-inside\"><\/div>\n\t\t\t\t\t<\/div>\n\t\t\t\t\t<\/div>\n<\/div><\/div><div id=\"panel-911-3-0-1\" class=\"so-panel widget widget_siteorigin-panels-builder panel-last-child\" data-index=\"7\" ><div id=\"pl-w69ce5fcd138d0\"  class=\"panel-layout\" ><div id=\"pg-w69ce5fcd138d0-0\"  class=\"panel-grid panel-no-style\" ><div id=\"pgc-w69ce5fcd138d0-0-0\"  class=\"panel-grid-cell\" ><div id=\"panel-w69ce5fcd138d0-0-0-0\" class=\"so-panel widget widget_sow-editor panel-first-child panel-last-child\" data-index=\"0\" ><div\n\t\t\t\n\t\t\tclass=\"so-widget-sow-editor so-widget-sow-editor-base\"\n\t\t\t\n\t\t>\n<div class=\"siteorigin-widget-tinymce textwidget\">\n\t<p><strong>2022 - present<\/strong><\/p>\n<\/div>\n<\/div><\/div><\/div><div id=\"pgc-w69ce5fcd138d0-0-1\"  class=\"panel-grid-cell\" ><div id=\"panel-w69ce5fcd138d0-0-1-0\" class=\"so-panel widget widget_sow-editor panel-first-child panel-last-child\" data-index=\"1\" ><div\n\t\t\t\n\t\t\tclass=\"so-widget-sow-editor so-widget-sow-editor-base\"\n\t\t\t\n\t\t>\n<div class=\"siteorigin-widget-tinymce textwidget\">\n\t<p><strong>University of Belgrade, Faculty of Physics,\u00a0<\/strong><strong>Solid State Physics and Statistical Physics<\/strong><\/p>\n<p><strong>Supervisor<\/strong>: dr Nenad Lazarevi\u0107<\/p>\n<\/div>\n<\/div><\/div><\/div><\/div><div id=\"pg-w69ce5fcd138d0-1\"  class=\"panel-grid panel-no-style\" ><div id=\"pgc-w69ce5fcd138d0-1-0\"  class=\"panel-grid-cell\" ><div id=\"panel-w69ce5fcd138d0-1-0-0\" class=\"so-panel widget widget_sow-editor panel-first-child panel-last-child\" data-index=\"2\" ><div\n\t\t\t\n\t\t\tclass=\"so-widget-sow-editor so-widget-sow-editor-base\"\n\t\t\t\n\t\t>\n<div class=\"siteorigin-widget-tinymce textwidget\">\n\t<p><strong>2022<\/strong><\/p>\n<\/div>\n<\/div><\/div><\/div><div id=\"pgc-w69ce5fcd138d0-1-1\"  class=\"panel-grid-cell\" ><div id=\"panel-w69ce5fcd138d0-1-1-0\" class=\"so-panel widget widget_sow-editor panel-first-child panel-last-child\" data-index=\"3\" ><div\n\t\t\t\n\t\t\tclass=\"so-widget-sow-editor so-widget-sow-editor-base\"\n\t\t\t\n\t\t>\n<div class=\"siteorigin-widget-tinymce textwidget\">\n\t<p><strong>Bachelor and master degrees:<\/strong><\/p>\n<p><strong>University of Belgrade, Faculty of Physics,\u00a0<\/strong><strong>Theoretical and experimental physics<\/strong><\/p>\n<p><strong>Thesis<\/strong>: Disorder and electron-phonon interaction in 2H-TaSe<sub>2-x<\/sub>S<sub>x\u00a0<\/sub>\u00a0(0\u2264 x \u2264 2) 0probed by Raman spectroscopy, 2022.<\/p>\n<p><strong>Supervisor<\/strong>: dr Nenad Lazarevi\u0107<\/p>\n<\/div>\n<\/div><\/div><\/div><\/div><\/div><\/div><\/div><\/div><div id=\"pg-911-4\"  class=\"panel-grid panel-no-style\" ><div id=\"pgc-911-4-0\"  class=\"panel-grid-cell\" ><div id=\"panel-911-4-0-0\" class=\"so-panel widget widget_sow-headline panel-first-child\" data-index=\"8\" ><div\n\t\t\t\n\t\t\tclass=\"so-widget-sow-headline so-widget-sow-headline-default-ec1eb4cebc48-911\"\n\t\t\t\n\t\t><div class=\"sow-headline-container \">\n\t\t\t\t\t\t\t<h2 class=\"sow-headline\">\n\t\t\t\t\t\tEmployment\t\t\t\t\t\t<\/h2>\n\t\t\t\t\t\t\t\t\t\t\t<div class=\"decoration\">\n\t\t\t\t\t\t<div class=\"decoration-inside\"><\/div>\n\t\t\t\t\t<\/div>\n\t\t\t\t\t<\/div>\n<\/div><\/div><div id=\"panel-911-4-0-1\" class=\"so-panel widget widget_sow-editor panel-last-child\" data-index=\"9\" ><div\n\t\t\t\n\t\t\tclass=\"so-widget-sow-editor so-widget-sow-editor-base\"\n\t\t\t\n\t\t>\n<div class=\"siteorigin-widget-tinymce textwidget\">\n\t<p><strong>2022 \u2013 present<\/strong>\u00a0 \u00a0 \u00a0 \u00a0 \u00a0 \u00a0 \u00a0 \u00a0 Research Assistant<\/p>\n<\/div>\n<\/div><\/div><\/div><\/div><div id=\"pg-911-5\"  class=\"panel-grid panel-no-style\" ><div id=\"pgc-911-5-0\"  class=\"panel-grid-cell\" ><div id=\"panel-911-5-0-0\" class=\"so-panel widget widget_sow-headline panel-first-child\" data-index=\"10\" ><div\n\t\t\t\n\t\t\tclass=\"so-widget-sow-headline so-widget-sow-headline-default-ec1eb4cebc48-911\"\n\t\t\t\n\t\t><div class=\"sow-headline-container \">\n\t\t\t\t\t\t\t<h2 class=\"sow-headline\">\n\t\t\t\t\t\tSelected publications\t\t\t\t\t\t<\/h2>\n\t\t\t\t\t\t\t\t\t\t\t<div class=\"decoration\">\n\t\t\t\t\t\t<div class=\"decoration-inside\"><\/div>\n\t\t\t\t\t<\/div>\n\t\t\t\t\t<\/div>\n<\/div><\/div><div id=\"panel-911-5-0-1\" class=\"so-panel widget widget_sow-editor panel-last-child\" data-index=\"11\" ><div\n\t\t\t\n\t\t\tclass=\"so-widget-sow-editor so-widget-sow-editor-base\"\n\t\t\t\n\t\t>\n<div class=\"siteorigin-widget-tinymce textwidget\">\n\t<ol>\n<li><strong>Blagojevi\u0107, J.<\/strong>, S. Djurdji\u0107 Mijin, J. Bekaert, M. Opa\u010di\u0107, Y. Liu, M. V. Milo\u0161evi\u0107, C. Petrovi\u0107, Z. V. Popovi\u0107, and N. Lazarevi\u0107. \"Competition of disorder and electron-phonon coupling in 2 H-TaSe 2\u2212 x S x (0\u2264 x\u2264 2) as evidenced by Raman spectroscopy.\"\u00a0<i>Physical Review Materials<\/i>\u00a08, no. 2 (2024): 024004.<\/li>\n<\/ol>\n<\/div>\n<\/div><\/div><\/div><\/div><div id=\"pg-911-6\"  class=\"panel-grid panel-no-style\" ><div id=\"pgc-911-6-0\"  class=\"panel-grid-cell\" ><div id=\"panel-911-6-0-0\" class=\"so-panel widget widget_sow-headline panel-first-child\" data-index=\"12\" ><div\n\t\t\t\n\t\t\tclass=\"so-widget-sow-headline so-widget-sow-headline-default-ec1eb4cebc48-911\"\n\t\t\t\n\t\t><div class=\"sow-headline-container \">\n\t\t\t\t\t\t\t<h2 class=\"sow-headline\">\n\t\t\t\t\t\tConference organizing\t\t\t\t\t\t<\/h2>\n\t\t\t\t\t\t\t\t\t\t\t<div class=\"decoration\">\n\t\t\t\t\t\t<div class=\"decoration-inside\"><\/div>\n\t\t\t\t\t<\/div>\n\t\t\t\t\t<\/div>\n<\/div><\/div><div id=\"panel-911-6-0-1\" class=\"so-panel widget widget_sow-editor panel-last-child\" data-index=\"13\" ><div\n\t\t\t\n\t\t\tclass=\"so-widget-sow-editor so-widget-sow-editor-base\"\n\t\t\t\n\t\t>\n<div class=\"siteorigin-widget-tinymce textwidget\">\n\t<ul>\n<li>Member of organizing committee of the international conference \u201cThe 21h Symposium on Condensed Matter Physics\u201d, 26-30. June 2023., Belgrade<\/li>\n<\/ul>\n<\/div>\n<\/div><\/div><\/div><\/div><\/div>","protected":false},"excerpt":{"rendered":"<p>Laboratory for Solid State Physics Room 160D Center for Solid State Physics and New Materials, Institute of Physics Belgrade, University of Belgrade, Pregrevica 118, 11000 Belgrade, Serbia<\/p>\n","protected":false},"author":1,"featured_media":0,"parent":0,"menu_order":0,"comment_status":"closed","ping_status":"closed","template":"","meta":{"footnotes":""},"class_list":["post-911","page","type-page","status-publish","hentry","post"],"yoast_head":"<!-- This site is optimized with the Yoast SEO plugin v23.8 - https:\/\/yoast.com\/wordpress\/plugins\/seo\/ -->\n<title>Jovan Blagojevi\u0107 Research Assistant - HIP-2D-QM<\/title>\n<meta name=\"robots\" content=\"index, follow, max-snippet:-1, max-image-preview:large, max-video-preview:-1\" \/>\n<link rel=\"canonical\" href=\"https:\/\/www.hip2dqm.solidstate.ipb.ac.rs\/?page_id=911\" \/>\n<meta property=\"og:locale\" content=\"en_US\" \/>\n<meta property=\"og:type\" content=\"article\" \/>\n<meta property=\"og:title\" content=\"Jovan Blagojevi\u0107 Research Assistant - HIP-2D-QM\" \/>\n<meta property=\"og:description\" content=\"Laboratory for Solid State Physics Room 160D Center for Solid State Physics and New Materials, Institute of Physics Belgrade, University of Belgrade, Pregrevica 118, 11000 Belgrade, Serbia\" \/>\n<meta property=\"og:url\" content=\"https:\/\/www.hip2dqm.solidstate.ipb.ac.rs\/?page_id=911\" \/>\n<meta property=\"og:site_name\" content=\"HIP-2D-QM\" \/>\n<meta property=\"article:modified_time\" content=\"2026-04-02T12:25:47+00:00\" \/>\n<meta name=\"twitter:card\" content=\"summary_large_image\" \/>\n<meta name=\"twitter:label1\" content=\"Est. reading time\" \/>\n\t<meta name=\"twitter:data1\" content=\"2 minutes\" \/>\n<script type=\"application\/ld+json\" class=\"yoast-schema-graph\">{\"@context\":\"https:\/\/schema.org\",\"@graph\":[{\"@type\":\"WebPage\",\"@id\":\"https:\/\/www.hip2dqm.solidstate.ipb.ac.rs\/?page_id=911\",\"url\":\"https:\/\/www.hip2dqm.solidstate.ipb.ac.rs\/?page_id=911\",\"name\":\"Jovan Blagojevi\u0107 Research Assistant - HIP-2D-QM\",\"isPartOf\":{\"@id\":\"https:\/\/www.hip2dqm.solidstate.ipb.ac.rs\/#website\"},\"datePublished\":\"2026-04-02T12:23:41+00:00\",\"dateModified\":\"2026-04-02T12:25:47+00:00\",\"breadcrumb\":{\"@id\":\"https:\/\/www.hip2dqm.solidstate.ipb.ac.rs\/?page_id=911#breadcrumb\"},\"inLanguage\":\"en-US\",\"potentialAction\":[{\"@type\":\"ReadAction\",\"target\":[\"https:\/\/www.hip2dqm.solidstate.ipb.ac.rs\/?page_id=911\"]}]},{\"@type\":\"BreadcrumbList\",\"@id\":\"https:\/\/www.hip2dqm.solidstate.ipb.ac.rs\/?page_id=911#breadcrumb\",\"itemListElement\":[{\"@type\":\"ListItem\",\"position\":1,\"name\":\"Home\",\"item\":\"https:\/\/www.hip2dqm.solidstate.ipb.ac.rs\/\"},{\"@type\":\"ListItem\",\"position\":2,\"name\":\"Jovan Blagojevi\u0107 Research Assistant\"}]},{\"@type\":\"WebSite\",\"@id\":\"https:\/\/www.hip2dqm.solidstate.ipb.ac.rs\/#website\",\"url\":\"https:\/\/www.hip2dqm.solidstate.ipb.ac.rs\/\",\"name\":\"HIP-2D-QM\",\"description\":\"\",\"potentialAction\":[{\"@type\":\"SearchAction\",\"target\":{\"@type\":\"EntryPoint\",\"urlTemplate\":\"https:\/\/www.hip2dqm.solidstate.ipb.ac.rs\/?s={search_term_string}\"},\"query-input\":{\"@type\":\"PropertyValueSpecification\",\"valueRequired\":true,\"valueName\":\"search_term_string\"}}],\"inLanguage\":\"en-US\"}]}<\/script>\n<!-- \/ Yoast SEO plugin. -->","yoast_head_json":{"title":"Jovan Blagojevi\u0107 Research Assistant - HIP-2D-QM","robots":{"index":"index","follow":"follow","max-snippet":"max-snippet:-1","max-image-preview":"max-image-preview:large","max-video-preview":"max-video-preview:-1"},"canonical":"https:\/\/www.hip2dqm.solidstate.ipb.ac.rs\/?page_id=911","og_locale":"en_US","og_type":"article","og_title":"Jovan Blagojevi\u0107 Research Assistant - HIP-2D-QM","og_description":"Laboratory for Solid State Physics Room 160D Center for Solid State Physics and New Materials, Institute of Physics Belgrade, University of Belgrade, Pregrevica 118, 11000 Belgrade, Serbia","og_url":"https:\/\/www.hip2dqm.solidstate.ipb.ac.rs\/?page_id=911","og_site_name":"HIP-2D-QM","article_modified_time":"2026-04-02T12:25:47+00:00","twitter_card":"summary_large_image","twitter_misc":{"Est. reading time":"2 minutes"},"schema":{"@context":"https:\/\/schema.org","@graph":[{"@type":"WebPage","@id":"https:\/\/www.hip2dqm.solidstate.ipb.ac.rs\/?page_id=911","url":"https:\/\/www.hip2dqm.solidstate.ipb.ac.rs\/?page_id=911","name":"Jovan Blagojevi\u0107 Research Assistant - HIP-2D-QM","isPartOf":{"@id":"https:\/\/www.hip2dqm.solidstate.ipb.ac.rs\/#website"},"datePublished":"2026-04-02T12:23:41+00:00","dateModified":"2026-04-02T12:25:47+00:00","breadcrumb":{"@id":"https:\/\/www.hip2dqm.solidstate.ipb.ac.rs\/?page_id=911#breadcrumb"},"inLanguage":"en-US","potentialAction":[{"@type":"ReadAction","target":["https:\/\/www.hip2dqm.solidstate.ipb.ac.rs\/?page_id=911"]}]},{"@type":"BreadcrumbList","@id":"https:\/\/www.hip2dqm.solidstate.ipb.ac.rs\/?page_id=911#breadcrumb","itemListElement":[{"@type":"ListItem","position":1,"name":"Home","item":"https:\/\/www.hip2dqm.solidstate.ipb.ac.rs\/"},{"@type":"ListItem","position":2,"name":"Jovan Blagojevi\u0107 Research Assistant"}]},{"@type":"WebSite","@id":"https:\/\/www.hip2dqm.solidstate.ipb.ac.rs\/#website","url":"https:\/\/www.hip2dqm.solidstate.ipb.ac.rs\/","name":"HIP-2D-QM","description":"","potentialAction":[{"@type":"SearchAction","target":{"@type":"EntryPoint","urlTemplate":"https:\/\/www.hip2dqm.solidstate.ipb.ac.rs\/?s={search_term_string}"},"query-input":{"@type":"PropertyValueSpecification","valueRequired":true,"valueName":"search_term_string"}}],"inLanguage":"en-US"}]}},"_links":{"self":[{"href":"https:\/\/www.hip2dqm.solidstate.ipb.ac.rs\/index.php?rest_route=\/wp\/v2\/pages\/911","targetHints":{"allow":["GET"]}}],"collection":[{"href":"https:\/\/www.hip2dqm.solidstate.ipb.ac.rs\/index.php?rest_route=\/wp\/v2\/pages"}],"about":[{"href":"https:\/\/www.hip2dqm.solidstate.ipb.ac.rs\/index.php?rest_route=\/wp\/v2\/types\/page"}],"author":[{"embeddable":true,"href":"https:\/\/www.hip2dqm.solidstate.ipb.ac.rs\/index.php?rest_route=\/wp\/v2\/users\/1"}],"replies":[{"embeddable":true,"href":"https:\/\/www.hip2dqm.solidstate.ipb.ac.rs\/index.php?rest_route=%2Fwp%2Fv2%2Fcomments&post=911"}],"version-history":[{"count":3,"href":"https:\/\/www.hip2dqm.solidstate.ipb.ac.rs\/index.php?rest_route=\/wp\/v2\/pages\/911\/revisions"}],"predecessor-version":[{"id":914,"href":"https:\/\/www.hip2dqm.solidstate.ipb.ac.rs\/index.php?rest_route=\/wp\/v2\/pages\/911\/revisions\/914"}],"wp:attachment":[{"href":"https:\/\/www.hip2dqm.solidstate.ipb.ac.rs\/index.php?rest_route=%2Fwp%2Fv2%2Fmedia&parent=911"}],"curies":[{"name":"wp","href":"https:\/\/api.w.org\/{rel}","templated":true}]}}