{"id":933,"date":"2026-04-03T11:52:45","date_gmt":"2026-04-03T11:52:45","guid":{"rendered":"https:\/\/www.hip2dqm.solidstate.ipb.ac.rs\/?page_id=933"},"modified":"2026-04-03T11:52:45","modified_gmt":"2026-04-03T11:52:45","slug":"msc-tea-belojica-research-assistant","status":"publish","type":"page","link":"https:\/\/www.hip2dqm.solidstate.ipb.ac.rs\/?page_id=933","title":{"rendered":"MSc Tea Belojica Research Assistant"},"content":{"rendered":"<div id=\"pl-933\"  class=\"panel-layout\" ><div id=\"pg-933-0\"  class=\"panel-grid panel-no-style\" ><div id=\"pgc-933-0-0\"  class=\"panel-grid-cell\" ><div id=\"panel-933-0-0-0\" class=\"so-panel widget widget_sow-headline panel-first-child panel-last-child\" data-index=\"0\" ><div\n\t\t\t\n\t\t\tclass=\"so-widget-sow-headline so-widget-sow-headline-default-08ca780a4db4-933\"\n\t\t\t\n\t\t><div class=\"sow-headline-container \">\n\t\t\t\t\t\t\t<h1 class=\"sow-headline\">\n\t\t\t\t\t\tMSc Tea Belojica Research Assistant\t\t\t\t\t\t<\/h1>\n\t\t\t\t\t\t\t\t\t\t\t<div class=\"decoration\">\n\t\t\t\t\t\t<div class=\"decoration-inside\"><\/div>\n\t\t\t\t\t<\/div>\n\t\t\t\t\t<\/div>\n<\/div><\/div><\/div><\/div><div id=\"pg-933-1\"  class=\"panel-grid panel-no-style\" ><div id=\"pgc-933-1-0\"  class=\"panel-grid-cell\" ><div id=\"panel-933-1-0-0\" class=\"so-panel widget widget_sow-image panel-first-child panel-last-child\" data-index=\"1\" ><div\n\t\t\t\n\t\t\tclass=\"so-widget-sow-image so-widget-sow-image-default-8b5b6f678277-933\"\n\t\t\t\n\t\t>\n\n<div class=\"sow-image-container\">\n\t\t<img loading=\"lazy\" decoding=\"async\" src=\"https:\/\/www.hip2dqm.solidstate.ipb.ac.rs\/wp-content\/uploads\/2026\/04\/tea_300px.png\" width=\"250\" height=\"329\" srcset=\"https:\/\/www.hip2dqm.solidstate.ipb.ac.rs\/wp-content\/uploads\/2026\/04\/tea_300px.png 298w, https:\/\/www.hip2dqm.solidstate.ipb.ac.rs\/wp-content\/uploads\/2026\/04\/tea_300px-228x300.png 228w\" sizes=\"auto, (max-width: 250px) 100vw, 250px\" alt=\"\" \t\tclass=\"so-widget-image\"\/>\n\t<\/div>\n\n<\/div><\/div><\/div><div id=\"pgc-933-1-1\"  class=\"panel-grid-cell\" ><div id=\"panel-933-1-1-0\" class=\"so-panel widget widget_sow-editor panel-first-child\" data-index=\"2\" ><div\n\t\t\t\n\t\t\tclass=\"so-widget-sow-editor so-widget-sow-editor-base\"\n\t\t\t\n\t\t>\n<div class=\"siteorigin-widget-tinymce textwidget\">\n\t<p><strong>Laboratory for Solid State Physics<\/strong><\/p>\n<p>&nbsp;<\/p>\n<p><em>Center for Solid State Physics and New Materials,<\/em><br \/>\n<em>Institute of Physics Belgrade, University of Belgrade,<\/em><br \/>\n<em>Pregrevica 118, 11000 Belgrade, Serbia<\/em><\/p>\n<\/div>\n<\/div><\/div><div id=\"panel-933-1-1-1\" class=\"so-panel widget widget_siteorigin-panels-builder panel-last-child\" data-index=\"3\" ><div class=\"panel-widget-style panel-widget-style-for-933-1-1-1\" ><div id=\"pl-w69cfaa0d77fa1\"  class=\"panel-layout\" ><div id=\"pg-w69cfaa0d77fa1-0\"  class=\"panel-grid panel-no-style\" ><div id=\"pgc-w69cfaa0d77fa1-0-0\"  class=\"panel-grid-cell\" ><div id=\"panel-w69cfaa0d77fa1-0-0-0\" class=\"so-panel widget widget_sow-icon panel-first-child panel-last-child\" data-index=\"0\" ><div class=\"panel-widget-style panel-widget-style-for-w69cfaa0d77fa1-0-0-0\" ><div\n\t\t\t\n\t\t\tclass=\"so-widget-sow-icon so-widget-sow-icon-default-65c29410cf7e\"\n\t\t\t\n\t\t>\n<div class=\"sow-icon-container sow-icon\">\n\t\t\t<span class=\"sow-icon-fontawesome sow-far\" data-sow-icon=\"&#xf2b6;\"\n\t\t title=\"Email\"\n\t\taria-hidden=\"true\"><\/span>\t<\/div>\n<\/div><\/div><\/div><\/div><div id=\"pgc-w69cfaa0d77fa1-0-1\"  class=\"panel-grid-cell\" ><div id=\"panel-w69cfaa0d77fa1-0-1-0\" class=\"so-panel widget widget_sow-editor panel-first-child panel-last-child\" data-index=\"1\" ><div class=\"panel-widget-style panel-widget-style-for-w69cfaa0d77fa1-0-1-0\" ><div\n\t\t\t\n\t\t\tclass=\"so-widget-sow-editor so-widget-sow-editor-base\"\n\t\t\t\n\t\t>\n<div class=\"siteorigin-widget-tinymce textwidget\">\n\t<p>tea.belojica@ipb.ac.rs<\/p>\n<\/div>\n<\/div><\/div><\/div><\/div><\/div><div id=\"pg-w69cfaa0d77fa1-1\"  class=\"panel-grid panel-no-style\" ><div id=\"pgc-w69cfaa0d77fa1-1-0\"  class=\"panel-grid-cell\" ><div id=\"panel-w69cfaa0d77fa1-1-0-0\" class=\"so-panel widget widget_sow-icon panel-first-child panel-last-child\" data-index=\"2\" ><div class=\"panel-widget-style panel-widget-style-for-w69cfaa0d77fa1-1-0-0\" ><div\n\t\t\t\n\t\t\tclass=\"so-widget-sow-icon so-widget-sow-icon-default-65c29410cf7e\"\n\t\t\t\n\t\t>\n<div class=\"sow-icon-container sow-icon\">\n\t\t\t<span class=\"sow-icon-icomoon\" data-sow-icon=\"&#xea88;\"\n\t\t title=\"Google Scholar\"\n\t\taria-hidden=\"true\"><\/span>\t<\/div>\n<\/div><\/div><\/div><\/div><div id=\"pgc-w69cfaa0d77fa1-1-1\"  class=\"panel-grid-cell\" ><div id=\"panel-w69cfaa0d77fa1-1-1-0\" class=\"so-panel widget widget_sow-editor panel-first-child panel-last-child\" data-index=\"3\" ><div class=\"panel-widget-style panel-widget-style-for-w69cfaa0d77fa1-1-1-0\" ><div\n\t\t\t\n\t\t\tclass=\"so-widget-sow-editor so-widget-sow-editor-base\"\n\t\t\t\n\t\t>\n<div class=\"siteorigin-widget-tinymce textwidget\">\n\t<p>\u202aGoogle Scholar\u202c<\/p>\n<\/div>\n<\/div><\/div><\/div><\/div><\/div><div id=\"pg-w69cfaa0d77fa1-2\"  class=\"panel-grid panel-no-style\" ><div id=\"pgc-w69cfaa0d77fa1-2-0\"  class=\"panel-grid-cell\" ><div id=\"panel-w69cfaa0d77fa1-2-0-0\" class=\"so-panel widget widget_media_image panel-first-child panel-last-child\" data-index=\"4\" ><img loading=\"lazy\" decoding=\"async\" width=\"35\" height=\"35\" src=\"https:\/\/www.hip2dqm.solidstate.ipb.ac.rs\/wp-content\/uploads\/2025\/12\/researchgate_1057346_108081-150x150.png\" class=\"image wp-image-658  attachment-35x35 size-35x35\" alt=\"\" style=\"max-width: 100%; height: auto;\" srcset=\"https:\/\/www.hip2dqm.solidstate.ipb.ac.rs\/wp-content\/uploads\/2025\/12\/researchgate_1057346_108081-150x150.png 150w, https:\/\/www.hip2dqm.solidstate.ipb.ac.rs\/wp-content\/uploads\/2025\/12\/researchgate_1057346_108081-300x300.png 300w, https:\/\/www.hip2dqm.solidstate.ipb.ac.rs\/wp-content\/uploads\/2025\/12\/researchgate_1057346_108081-375x375.png 375w, https:\/\/www.hip2dqm.solidstate.ipb.ac.rs\/wp-content\/uploads\/2025\/12\/researchgate_1057346_108081-216x216.png 216w, https:\/\/www.hip2dqm.solidstate.ipb.ac.rs\/wp-content\/uploads\/2025\/12\/researchgate_1057346_108081.png 512w\" sizes=\"auto, (max-width: 35px) 100vw, 35px\" \/><\/div><\/div><div id=\"pgc-w69cfaa0d77fa1-2-1\"  class=\"panel-grid-cell\" ><div id=\"panel-w69cfaa0d77fa1-2-1-0\" class=\"so-panel widget widget_sow-editor panel-first-child panel-last-child\" data-index=\"5\" ><div class=\"panel-widget-style panel-widget-style-for-w69cfaa0d77fa1-2-1-0\" ><div\n\t\t\t\n\t\t\tclass=\"so-widget-sow-editor so-widget-sow-editor-base\"\n\t\t\t\n\t\t>\n<div class=\"siteorigin-widget-tinymce textwidget\">\n\t<p>ResearchGate<\/p>\n<\/div>\n<\/div><\/div><\/div><\/div><\/div><\/div><\/div><\/div><\/div><\/div><div id=\"pg-933-2\"  class=\"panel-grid panel-no-style\" ><div id=\"pgc-933-2-0\"  class=\"panel-grid-cell\" ><div id=\"panel-933-2-0-0\" class=\"so-panel widget widget_sow-headline panel-first-child\" data-index=\"4\" ><div\n\t\t\t\n\t\t\tclass=\"so-widget-sow-headline so-widget-sow-headline-default-13194f4b5c75-933\"\n\t\t\t\n\t\t><div class=\"sow-headline-container \">\n\t\t\t\t\t\t\t<h3 class=\"sow-headline\">\n\t\t\t\t\t\tEducation\t\t\t\t\t\t<\/h3>\n\t\t\t\t\t\t\t\t\t\t\t<div class=\"decoration\">\n\t\t\t\t\t\t<div class=\"decoration-inside\"><\/div>\n\t\t\t\t\t<\/div>\n\t\t\t\t\t<\/div>\n<\/div><\/div><div id=\"panel-933-2-0-1\" class=\"so-panel widget widget_siteorigin-panels-builder panel-last-child\" data-index=\"5\" ><div id=\"pl-w69cfaa0d78a18\"  class=\"panel-layout\" ><div id=\"pg-w69cfaa0d78a18-0\"  class=\"panel-grid panel-no-style\" ><div id=\"pgc-w69cfaa0d78a18-0-0\"  class=\"panel-grid-cell\" ><div id=\"panel-w69cfaa0d78a18-0-0-0\" class=\"so-panel widget widget_sow-editor panel-first-child panel-last-child\" data-index=\"0\" ><div\n\t\t\t\n\t\t\tclass=\"so-widget-sow-editor so-widget-sow-editor-base\"\n\t\t\t\n\t\t>\n<div class=\"siteorigin-widget-tinymce textwidget\">\n\t<p><strong>2022 - present<\/strong><\/p>\n<\/div>\n<\/div><\/div><\/div><div id=\"pgc-w69cfaa0d78a18-0-1\"  class=\"panel-grid-cell\" ><div id=\"panel-w69cfaa0d78a18-0-1-0\" class=\"so-panel widget widget_sow-editor panel-first-child panel-last-child\" data-index=\"1\" ><div\n\t\t\t\n\t\t\tclass=\"so-widget-sow-editor so-widget-sow-editor-base\"\n\t\t\t\n\t\t>\n<div class=\"siteorigin-widget-tinymce textwidget\">\n\t<p>PhD Studies, Faculty of Physics, \u00a0Condensed Matter Physics and Statistical Physics; Supervisor: dr Ana Milosavljevi\u0107<\/p>\n<\/div>\n<\/div><\/div><\/div><\/div><div id=\"pg-w69cfaa0d78a18-1\"  class=\"panel-grid panel-no-style\" ><div id=\"pgc-w69cfaa0d78a18-1-0\"  class=\"panel-grid-cell\" ><div id=\"panel-w69cfaa0d78a18-1-0-0\" class=\"so-panel widget widget_sow-editor panel-first-child panel-last-child\" data-index=\"2\" ><div\n\t\t\t\n\t\t\tclass=\"so-widget-sow-editor so-widget-sow-editor-base\"\n\t\t\t\n\t\t>\n<div class=\"siteorigin-widget-tinymce textwidget\">\n\t<p><strong>2020 \u2013 2021\u00a0<\/strong><\/p>\n<\/div>\n<\/div><\/div><\/div><div id=\"pgc-w69cfaa0d78a18-1-1\"  class=\"panel-grid-cell\" ><div id=\"panel-w69cfaa0d78a18-1-1-0\" class=\"so-panel widget widget_sow-editor panel-first-child panel-last-child\" data-index=\"3\" ><div\n\t\t\t\n\t\t\tclass=\"so-widget-sow-editor so-widget-sow-editor-base\"\n\t\t\t\n\t\t>\n<div class=\"siteorigin-widget-tinymce textwidget\">\n\t<p><strong>Master degree<\/strong>, Faculty of Physical Chemistry, University of Belgrade, Belgrade, Serbia<br \/>\nMSc. Thesis: Preparation of Langmuir-Blodgett Graphene Films with Different Defect Densities and Their Characterization by Raman and EPR Spectroscopy<br \/>\nSupervisor: dr Ana Popovi\u0107 Bijeli\u0107 and dr Tijana Toma\u0161evi\u0107-Ili\u0107<\/p>\n<\/div>\n<\/div><\/div><\/div><\/div><\/div><\/div><\/div><\/div><div id=\"pg-933-3\"  class=\"panel-grid panel-no-style\" ><div id=\"pgc-933-3-0\"  class=\"panel-grid-cell\" ><div id=\"panel-933-3-0-0\" class=\"so-panel widget widget_sow-headline panel-first-child\" data-index=\"6\" ><div\n\t\t\t\n\t\t\tclass=\"so-widget-sow-headline so-widget-sow-headline-default-ec1eb4cebc48-933\"\n\t\t\t\n\t\t><div class=\"sow-headline-container \">\n\t\t\t\t\t\t\t<h2 class=\"sow-headline\">\n\t\t\t\t\t\tEmployment\t\t\t\t\t\t<\/h2>\n\t\t\t\t\t\t\t\t\t\t\t<div class=\"decoration\">\n\t\t\t\t\t\t<div class=\"decoration-inside\"><\/div>\n\t\t\t\t\t<\/div>\n\t\t\t\t\t<\/div>\n<\/div><\/div><div id=\"panel-933-3-0-1\" class=\"so-panel widget widget_siteorigin-panels-builder panel-last-child\" data-index=\"7\" ><div id=\"pl-w69cfaa0d7943a\"  class=\"panel-layout\" ><div id=\"pg-w69cfaa0d7943a-0\"  class=\"panel-grid panel-no-style\" ><div id=\"pgc-w69cfaa0d7943a-0-0\"  class=\"panel-grid-cell\" ><div id=\"panel-w69cfaa0d7943a-0-0-0\" class=\"so-panel widget widget_sow-editor panel-first-child panel-last-child\" data-index=\"0\" ><div\n\t\t\t\n\t\t\tclass=\"so-widget-sow-editor so-widget-sow-editor-base\"\n\t\t\t\n\t\t>\n<div class=\"siteorigin-widget-tinymce textwidget\">\n\t<p><strong>2022 \u2013 present<\/strong><\/p>\n<\/div>\n<\/div><\/div><\/div><div id=\"pgc-w69cfaa0d7943a-0-1\"  class=\"panel-grid-cell\" ><div id=\"panel-w69cfaa0d7943a-0-1-0\" class=\"so-panel widget widget_sow-editor panel-first-child panel-last-child\" data-index=\"1\" ><div\n\t\t\t\n\t\t\tclass=\"so-widget-sow-editor so-widget-sow-editor-base\"\n\t\t\t\n\t\t>\n<div class=\"siteorigin-widget-tinymce textwidget\">\n\t<p>Research Assistant<\/p>\n<\/div>\n<\/div><\/div><\/div><\/div><\/div><\/div><\/div><\/div><div id=\"pg-933-4\"  class=\"panel-grid panel-no-style\" ><div id=\"pgc-933-4-0\"  class=\"panel-grid-cell\" ><div id=\"panel-933-4-0-0\" class=\"so-panel widget widget_sow-headline panel-first-child\" data-index=\"8\" ><div\n\t\t\t\n\t\t\tclass=\"so-widget-sow-headline so-widget-sow-headline-default-84faf65992d3-933\"\n\t\t\t\n\t\t><div class=\"sow-headline-container \">\n\t\t\t\t\t\t\t<h2 class=\"sow-headline\">\n\t\t\t\t\t\tNational projects\t\t\t\t\t\t<\/h2>\n\t\t\t\t\t\t\t\t\t\t\t<div class=\"decoration\">\n\t\t\t\t\t\t<div class=\"decoration-inside\"><\/div>\n\t\t\t\t\t<\/div>\n\t\t\t\t\t<\/div>\n<\/div><\/div><div id=\"panel-933-4-0-1\" class=\"so-panel widget widget_sow-editor panel-last-child\" data-index=\"9\" ><div\n\t\t\t\n\t\t\tclass=\"so-widget-sow-editor so-widget-sow-editor-base\"\n\t\t\t\n\t\t>\n<div class=\"siteorigin-widget-tinymce textwidget\">\n\t<p><strong>2024 -\u00a0 present \u00a0\u00a0\u00a0<\/strong>The Science Fund of the Republic of Serbia:\u00a0<em>10925, \"Dynamics of CDW transition in strained quasi-1D systems - DYNAMIQS\"<\/em><\/p>\n<\/div>\n<\/div><\/div><\/div><\/div><\/div>","protected":false},"excerpt":{"rendered":"<p>Laboratory for Solid State Physics &nbsp; Center for Solid State Physics and New Materials, Institute of Physics Belgrade, University of Belgrade, Pregrevica 118, 11000 Belgrade, Serbia<\/p>\n","protected":false},"author":1,"featured_media":0,"parent":0,"menu_order":0,"comment_status":"closed","ping_status":"closed","template":"","meta":{"footnotes":""},"class_list":["post-933","page","type-page","status-publish","hentry","post"],"yoast_head":"<!-- This site is optimized with the Yoast SEO plugin v23.8 - https:\/\/yoast.com\/wordpress\/plugins\/seo\/ -->\n<title>MSc Tea Belojica Research Assistant - HIP-2D-QM<\/title>\n<meta name=\"robots\" content=\"index, follow, max-snippet:-1, max-image-preview:large, max-video-preview:-1\" \/>\n<link rel=\"canonical\" href=\"https:\/\/www.hip2dqm.solidstate.ipb.ac.rs\/?page_id=933\" \/>\n<meta property=\"og:locale\" content=\"en_US\" \/>\n<meta property=\"og:type\" content=\"article\" \/>\n<meta property=\"og:title\" content=\"MSc Tea Belojica Research Assistant - HIP-2D-QM\" \/>\n<meta property=\"og:description\" content=\"Laboratory for Solid State Physics &nbsp; Center for Solid State Physics and New Materials, Institute of Physics Belgrade, University of Belgrade, Pregrevica 118, 11000 Belgrade, Serbia\" \/>\n<meta property=\"og:url\" content=\"https:\/\/www.hip2dqm.solidstate.ipb.ac.rs\/?page_id=933\" \/>\n<meta property=\"og:site_name\" content=\"HIP-2D-QM\" \/>\n<meta name=\"twitter:card\" content=\"summary_large_image\" \/>\n<meta name=\"twitter:label1\" content=\"Est. reading time\" \/>\n\t<meta name=\"twitter:data1\" content=\"1 minute\" \/>\n<script type=\"application\/ld+json\" class=\"yoast-schema-graph\">{\"@context\":\"https:\/\/schema.org\",\"@graph\":[{\"@type\":\"WebPage\",\"@id\":\"https:\/\/www.hip2dqm.solidstate.ipb.ac.rs\/?page_id=933\",\"url\":\"https:\/\/www.hip2dqm.solidstate.ipb.ac.rs\/?page_id=933\",\"name\":\"MSc Tea Belojica Research Assistant - HIP-2D-QM\",\"isPartOf\":{\"@id\":\"https:\/\/www.hip2dqm.solidstate.ipb.ac.rs\/#website\"},\"datePublished\":\"2026-04-03T11:52:45+00:00\",\"dateModified\":\"2026-04-03T11:52:45+00:00\",\"breadcrumb\":{\"@id\":\"https:\/\/www.hip2dqm.solidstate.ipb.ac.rs\/?page_id=933#breadcrumb\"},\"inLanguage\":\"en-US\",\"potentialAction\":[{\"@type\":\"ReadAction\",\"target\":[\"https:\/\/www.hip2dqm.solidstate.ipb.ac.rs\/?page_id=933\"]}]},{\"@type\":\"BreadcrumbList\",\"@id\":\"https:\/\/www.hip2dqm.solidstate.ipb.ac.rs\/?page_id=933#breadcrumb\",\"itemListElement\":[{\"@type\":\"ListItem\",\"position\":1,\"name\":\"Home\",\"item\":\"https:\/\/www.hip2dqm.solidstate.ipb.ac.rs\/\"},{\"@type\":\"ListItem\",\"position\":2,\"name\":\"MSc Tea Belojica Research Assistant\"}]},{\"@type\":\"WebSite\",\"@id\":\"https:\/\/www.hip2dqm.solidstate.ipb.ac.rs\/#website\",\"url\":\"https:\/\/www.hip2dqm.solidstate.ipb.ac.rs\/\",\"name\":\"HIP-2D-QM\",\"description\":\"\",\"potentialAction\":[{\"@type\":\"SearchAction\",\"target\":{\"@type\":\"EntryPoint\",\"urlTemplate\":\"https:\/\/www.hip2dqm.solidstate.ipb.ac.rs\/?s={search_term_string}\"},\"query-input\":{\"@type\":\"PropertyValueSpecification\",\"valueRequired\":true,\"valueName\":\"search_term_string\"}}],\"inLanguage\":\"en-US\"}]}<\/script>\n<!-- \/ Yoast SEO plugin. -->","yoast_head_json":{"title":"MSc Tea Belojica Research Assistant - HIP-2D-QM","robots":{"index":"index","follow":"follow","max-snippet":"max-snippet:-1","max-image-preview":"max-image-preview:large","max-video-preview":"max-video-preview:-1"},"canonical":"https:\/\/www.hip2dqm.solidstate.ipb.ac.rs\/?page_id=933","og_locale":"en_US","og_type":"article","og_title":"MSc Tea Belojica Research Assistant - HIP-2D-QM","og_description":"Laboratory for Solid State Physics &nbsp; Center for Solid State Physics and New Materials, Institute of Physics Belgrade, University of Belgrade, Pregrevica 118, 11000 Belgrade, Serbia","og_url":"https:\/\/www.hip2dqm.solidstate.ipb.ac.rs\/?page_id=933","og_site_name":"HIP-2D-QM","twitter_card":"summary_large_image","twitter_misc":{"Est. reading time":"1 minute"},"schema":{"@context":"https:\/\/schema.org","@graph":[{"@type":"WebPage","@id":"https:\/\/www.hip2dqm.solidstate.ipb.ac.rs\/?page_id=933","url":"https:\/\/www.hip2dqm.solidstate.ipb.ac.rs\/?page_id=933","name":"MSc Tea Belojica Research Assistant - HIP-2D-QM","isPartOf":{"@id":"https:\/\/www.hip2dqm.solidstate.ipb.ac.rs\/#website"},"datePublished":"2026-04-03T11:52:45+00:00","dateModified":"2026-04-03T11:52:45+00:00","breadcrumb":{"@id":"https:\/\/www.hip2dqm.solidstate.ipb.ac.rs\/?page_id=933#breadcrumb"},"inLanguage":"en-US","potentialAction":[{"@type":"ReadAction","target":["https:\/\/www.hip2dqm.solidstate.ipb.ac.rs\/?page_id=933"]}]},{"@type":"BreadcrumbList","@id":"https:\/\/www.hip2dqm.solidstate.ipb.ac.rs\/?page_id=933#breadcrumb","itemListElement":[{"@type":"ListItem","position":1,"name":"Home","item":"https:\/\/www.hip2dqm.solidstate.ipb.ac.rs\/"},{"@type":"ListItem","position":2,"name":"MSc Tea Belojica Research Assistant"}]},{"@type":"WebSite","@id":"https:\/\/www.hip2dqm.solidstate.ipb.ac.rs\/#website","url":"https:\/\/www.hip2dqm.solidstate.ipb.ac.rs\/","name":"HIP-2D-QM","description":"","potentialAction":[{"@type":"SearchAction","target":{"@type":"EntryPoint","urlTemplate":"https:\/\/www.hip2dqm.solidstate.ipb.ac.rs\/?s={search_term_string}"},"query-input":{"@type":"PropertyValueSpecification","valueRequired":true,"valueName":"search_term_string"}}],"inLanguage":"en-US"}]}},"_links":{"self":[{"href":"https:\/\/www.hip2dqm.solidstate.ipb.ac.rs\/index.php?rest_route=\/wp\/v2\/pages\/933","targetHints":{"allow":["GET"]}}],"collection":[{"href":"https:\/\/www.hip2dqm.solidstate.ipb.ac.rs\/index.php?rest_route=\/wp\/v2\/pages"}],"about":[{"href":"https:\/\/www.hip2dqm.solidstate.ipb.ac.rs\/index.php?rest_route=\/wp\/v2\/types\/page"}],"author":[{"embeddable":true,"href":"https:\/\/www.hip2dqm.solidstate.ipb.ac.rs\/index.php?rest_route=\/wp\/v2\/users\/1"}],"replies":[{"embeddable":true,"href":"https:\/\/www.hip2dqm.solidstate.ipb.ac.rs\/index.php?rest_route=%2Fwp%2Fv2%2Fcomments&post=933"}],"version-history":[{"count":2,"href":"https:\/\/www.hip2dqm.solidstate.ipb.ac.rs\/index.php?rest_route=\/wp\/v2\/pages\/933\/revisions"}],"predecessor-version":[{"id":936,"href":"https:\/\/www.hip2dqm.solidstate.ipb.ac.rs\/index.php?rest_route=\/wp\/v2\/pages\/933\/revisions\/936"}],"wp:attachment":[{"href":"https:\/\/www.hip2dqm.solidstate.ipb.ac.rs\/index.php?rest_route=%2Fwp%2Fv2%2Fmedia&parent=933"}],"curies":[{"name":"wp","href":"https:\/\/api.w.org\/{rel}","templated":true}]}}